{"id":4015,"date":"2026-04-01T15:40:10","date_gmt":"2026-04-01T15:40:10","guid":{"rendered":"https:\/\/moebelhexe.de\/aktuelles\/?post_type=product&#038;p=4015"},"modified":"2026-04-01T15:40:10","modified_gmt":"2026-04-01T15:40:10","slug":"beistelltisch-rund-mit-schublaeden","status":"publish","type":"product","link":"https:\/\/moebelhexe.de\/aktuelles\/produkt\/beistelltisch-rund-mit-schublaeden","title":{"rendered":"Beistelltisch rund mit Schubl\u00e4den"},"content":{"rendered":"<p><strong>h\u00fcbscher kleiner Beistelltisch<\/strong><\/p>\n<p><strong>mit 2 Schubl\u00e4den und Ledereinlage<\/strong><\/p>\n<p><strong>Messingapplikationen auf F\u00fc\u00dfen<\/strong><\/p>\n<p><strong>wird nach Wunsch \u00fcberarbeitet<\/strong><\/p>\n<p><strong>Ma\u00dfe: 50 cm Durchmesser, 64,5 cm hoch<\/strong><\/p>\n","protected":false},"excerpt":{"rendered":"<p>h\u00fcbscher kleiner Beistelltisch mit 2 Schubl\u00e4den und Ledereinlage Messingapplikationen auf F\u00fc\u00dfen wird nach Wunsch \u00fcberarbeitet Ma\u00dfe: 50 cm Durchmesser, 64,5 cm hoch<\/p>\n","protected":false},"featured_media":4016,"comment_status":"closed","ping_status":"closed","template":"","meta":{"site-sidebar-layout":"default","site-content-layout":"","ast-site-content-layout":"default","site-content-style":"default","site-sidebar-style":"default","ast-global-header-display":"","ast-banner-title-visibility":"","ast-main-header-display":"","ast-hfb-above-header-display":"","ast-hfb-below-header-display":"","ast-hfb-mobile-header-display":"","site-post-title":"","ast-breadcrumbs-content":"","ast-featured-img":"","footer-sml-layout":"","theme-transparent-header-meta":"default","adv-header-id-meta":"","stick-header-meta":"","header-above-stick-meta":"","header-main-stick-meta":"","header-below-stick-meta":"","astra-migrate-meta-layouts":"set","ast-page-background-enabled":"default","ast-page-background-meta":{"desktop":{"background-color":"var(--ast-global-color-4)","background-image":"","background-repeat":"repeat","background-position":"center center","background-size":"auto","background-attachment":"scroll","background-type":"","background-media":"","overlay-type":"","overlay-color":"","overlay-opacity":"","overlay-gradient":""},"tablet":{"background-color":"","background-image":"","background-repeat":"repeat","background-position":"center center","background-size":"auto","background-attachment":"scroll","background-type":"","background-media":"","overlay-type":"","overlay-color":"","overlay-opacity":"","overlay-gradient":""},"mobile":{"background-color":"","background-image":"","background-repeat":"repeat","background-position":"center center","background-size":"auto","background-attachment":"scroll","background-type":"","background-media":"","overlay-type":"","overlay-color":"","overlay-opacity":"","overlay-gradient":""}},"ast-content-background-meta":{"desktop":{"background-color":"var(--ast-global-color-5)","background-image":"","background-repeat":"repeat","background-position":"center center","background-size":"auto","background-attachment":"scroll","background-type":"","background-media":"","overlay-type":"","overlay-color":"","overlay-opacity":"","overlay-gradient":""},"tablet":{"background-color":"var(--ast-global-color-5)","background-image":"","background-repeat":"repeat","background-position":"center center","background-size":"auto","background-attachment":"scroll","background-type":"","background-media":"","overlay-type":"","overlay-color":"","overlay-opacity":"","overlay-gradient":""},"mobile":{"background-color":"var(--ast-global-color-5)","background-image":"","background-repeat":"repeat","background-position":"center center","background-size":"auto","background-attachment":"scroll","background-type":"","background-media":"","overlay-type":"","overlay-color":"","overlay-opacity":"","overlay-gradient":""}}},"product_brand":[],"product_cat":[34,32],"product_tag":[],"class_list":{"0":"post-4015","1":"product","2":"type-product","3":"status-publish","4":"has-post-thumbnail","6":"product_cat-kleinmoebel","7":"product_cat-tische","8":"desktop-align-left","9":"tablet-align-left","10":"mobile-align-left","12":"first","13":"instock","14":"shipping-taxable","15":"product-type-simple"},"jetpack_sharing_enabled":true,"_links":{"self":[{"href":"https:\/\/moebelhexe.de\/aktuelles\/wp-json\/wp\/v2\/product\/4015","targetHints":{"allow":["GET"]}}],"collection":[{"href":"https:\/\/moebelhexe.de\/aktuelles\/wp-json\/wp\/v2\/product"}],"about":[{"href":"https:\/\/moebelhexe.de\/aktuelles\/wp-json\/wp\/v2\/types\/product"}],"replies":[{"embeddable":true,"href":"https:\/\/moebelhexe.de\/aktuelles\/wp-json\/wp\/v2\/comments?post=4015"}],"wp:featuredmedia":[{"embeddable":true,"href":"https:\/\/moebelhexe.de\/aktuelles\/wp-json\/wp\/v2\/media\/4016"}],"wp:attachment":[{"href":"https:\/\/moebelhexe.de\/aktuelles\/wp-json\/wp\/v2\/media?parent=4015"}],"wp:term":[{"taxonomy":"product_brand","embeddable":true,"href":"https:\/\/moebelhexe.de\/aktuelles\/wp-json\/wp\/v2\/product_brand?post=4015"},{"taxonomy":"product_cat","embeddable":true,"href":"https:\/\/moebelhexe.de\/aktuelles\/wp-json\/wp\/v2\/product_cat?post=4015"},{"taxonomy":"product_tag","embeddable":true,"href":"https:\/\/moebelhexe.de\/aktuelles\/wp-json\/wp\/v2\/product_tag?post=4015"}],"curies":[{"name":"wp","href":"https:\/\/api.w.org\/{rel}","templated":true}]}}