{"id":4004,"date":"2026-04-01T15:31:15","date_gmt":"2026-04-01T15:31:15","guid":{"rendered":"https:\/\/moebelhexe.de\/aktuelles\/?post_type=product&#038;p=4004"},"modified":"2026-04-01T15:31:16","modified_gmt":"2026-04-01T15:31:16","slug":"kommode-eiche-schwer-geschnitzt-gruender","status":"publish","type":"product","link":"https:\/\/moebelhexe.de\/aktuelles\/produkt\/kommode-eiche-schwer-geschnitzt-gruender","title":{"rendered":"Kommode Eiche schwer geschnitzt Gr\u00fcnder"},"content":{"rendered":"<p><strong>tolle Gr\u00fcnderzeitkommode in gr\u00f6\u00dftenteils massiver Eiche<\/strong><\/p>\n<p><strong>mit kleiner Galerie hinten<\/strong><\/p>\n<p><strong>sch\u00f6nes Furniermuster auf Platte Und T\u00fcrrahmen gelegt<\/strong><\/p>\n<p><strong>Originale Messinggu\u00dfbeschl\u00e4ge<\/strong><\/p>\n<p><strong>Inneneinteilung mit Zahnleisten integriert<\/strong><\/p>\n<p><strong>Wird leicht \u00fcberarbeitet<\/strong><\/p>\n<p><strong>Ma\u00dfe: 95 cm hoch plus ca. 8 cm Galerie, 1,20 m breit, 64,5 cm tief<\/strong><\/p>\n","protected":false},"excerpt":{"rendered":"<p>tolle Gr\u00fcnderzeitkommode in gr\u00f6\u00dftenteils massiver Eiche mit kleiner Galerie hinten sch\u00f6nes Furniermuster auf Platte Und T\u00fcrrahmen gelegt Originale Messinggu\u00dfbeschl\u00e4ge Inneneinteilung mit Zahnleisten integriert Wird leicht \u00fcberarbeitet Ma\u00dfe: 95 cm hoch plus ca. 8 cm Galerie, 1,20 m breit, 64,5 cm tief<\/p>\n","protected":false},"featured_media":4005,"comment_status":"closed","ping_status":"closed","template":"","meta":{"site-sidebar-layout":"default","site-content-layout":"","ast-site-content-layout":"default","site-content-style":"default","site-sidebar-style":"default","ast-global-header-display":"","ast-banner-title-visibility":"","ast-main-header-display":"","ast-hfb-above-header-display":"","ast-hfb-below-header-display":"","ast-hfb-mobile-header-display":"","site-post-title":"","ast-breadcrumbs-content":"","ast-featured-img":"","footer-sml-layout":"","theme-transparent-header-meta":"default","adv-header-id-meta":"","stick-header-meta":"","header-above-stick-meta":"","header-main-stick-meta":"","header-below-stick-meta":"","astra-migrate-meta-layouts":"set","ast-page-background-enabled":"default","ast-page-background-meta":{"desktop":{"background-color":"var(--ast-global-color-4)","background-image":"","background-repeat":"repeat","background-position":"center center","background-size":"auto","background-attachment":"scroll","background-type":"","background-media":"","overlay-type":"","overlay-color":"","overlay-opacity":"","overlay-gradient":""},"tablet":{"background-color":"","background-image":"","background-repeat":"repeat","background-position":"center center","background-size":"auto","background-attachment":"scroll","background-type":"","background-media":"","overlay-type":"","overlay-color":"","overlay-opacity":"","overlay-gradient":""},"mobile":{"background-color":"","background-image":"","background-repeat":"repeat","background-position":"center center","background-size":"auto","background-attachment":"scroll","background-type":"","background-media":"","overlay-type":"","overlay-color":"","overlay-opacity":"","overlay-gradient":""}},"ast-content-background-meta":{"desktop":{"background-color":"var(--ast-global-color-5)","background-image":"","background-repeat":"repeat","background-position":"center center","background-size":"auto","background-attachment":"scroll","background-type":"","background-media":"","overlay-type":"","overlay-color":"","overlay-opacity":"","overlay-gradient":""},"tablet":{"background-color":"var(--ast-global-color-5)","background-image":"","background-repeat":"repeat","background-position":"center center","background-size":"auto","background-attachment":"scroll","background-type":"","background-media":"","overlay-type":"","overlay-color":"","overlay-opacity":"","overlay-gradient":""},"mobile":{"background-color":"var(--ast-global-color-5)","background-image":"","background-repeat":"repeat","background-position":"center center","background-size":"auto","background-attachment":"scroll","background-type":"","background-media":"","overlay-type":"","overlay-color":"","overlay-opacity":"","overlay-gradient":""}}},"product_brand":[],"product_cat":[29,30],"product_tag":[],"class_list":{"0":"post-4004","1":"product","2":"type-product","3":"status-publish","4":"has-post-thumbnail","6":"product_cat-kommoden","7":"product_cat-schraenke","8":"desktop-align-left","9":"tablet-align-left","10":"mobile-align-left","12":"first","13":"instock","14":"shipping-taxable","15":"product-type-simple"},"jetpack_sharing_enabled":true,"_links":{"self":[{"href":"https:\/\/moebelhexe.de\/aktuelles\/wp-json\/wp\/v2\/product\/4004","targetHints":{"allow":["GET"]}}],"collection":[{"href":"https:\/\/moebelhexe.de\/aktuelles\/wp-json\/wp\/v2\/product"}],"about":[{"href":"https:\/\/moebelhexe.de\/aktuelles\/wp-json\/wp\/v2\/types\/product"}],"replies":[{"embeddable":true,"href":"https:\/\/moebelhexe.de\/aktuelles\/wp-json\/wp\/v2\/comments?post=4004"}],"wp:featuredmedia":[{"embeddable":true,"href":"https:\/\/moebelhexe.de\/aktuelles\/wp-json\/wp\/v2\/media\/4005"}],"wp:attachment":[{"href":"https:\/\/moebelhexe.de\/aktuelles\/wp-json\/wp\/v2\/media?parent=4004"}],"wp:term":[{"taxonomy":"product_brand","embeddable":true,"href":"https:\/\/moebelhexe.de\/aktuelles\/wp-json\/wp\/v2\/product_brand?post=4004"},{"taxonomy":"product_cat","embeddable":true,"href":"https:\/\/moebelhexe.de\/aktuelles\/wp-json\/wp\/v2\/product_cat?post=4004"},{"taxonomy":"product_tag","embeddable":true,"href":"https:\/\/moebelhexe.de\/aktuelles\/wp-json\/wp\/v2\/product_tag?post=4004"}],"curies":[{"name":"wp","href":"https:\/\/api.w.org\/{rel}","templated":true}]}}