{"id":3887,"date":"2026-03-21T11:13:11","date_gmt":"2026-03-21T11:13:11","guid":{"rendered":"https:\/\/moebelhexe.de\/aktuelles\/?post_type=product&#038;p=3887"},"modified":"2026-03-21T14:07:54","modified_gmt":"2026-03-21T14:07:54","slug":"schranksekretaer-biedermeier-nussbaum","status":"publish","type":"product","link":"https:\/\/moebelhexe.de\/aktuelles\/produkt\/schranksekretaer-biedermeier-nussbaum","title":{"rendered":"Schranksekret\u00e4r Biedermeier Nu\u00dfbaum"},"content":{"rendered":"<p>Au\u00dfergew\u00f6hnlicher Schranksekret\u00e4r des Biedermeiers<\/p>\n<p>sch\u00f6nstes Furnierbild in franz\u00f6sischem Nu\u00dfbaum<\/p>\n<ul>\n<li>Kleine Sekret\u00e4rklappenausladung \u00fcber 2 Schubladenblenden, Selten!<\/li>\n<li>sehr gut erhalten, Schubl\u00e4den bis in Sockelbereich ausgef\u00fchrt<\/li>\n<li>Inneneinteilung in Kirschbaum<\/li>\n<li>wird nach Wunsch restauriert<\/li>\n<\/ul>\n","protected":false},"excerpt":{"rendered":"<p>Au\u00dfergew\u00f6hnlicher Schranksekret\u00e4r des Biedermeiers sch\u00f6nstes Furnierbild in franz\u00f6sischem Nu\u00dfbaum Kleine Sekret\u00e4rklappenausladung \u00fcber 2 Schubladenblenden, Selten! sehr gut erhalten, Schubl\u00e4den bis in Sockelbereich ausgef\u00fchrt Inneneinteilung in Kirschbaum wird nach Wunsch restauriert<\/p>\n","protected":false},"featured_media":3874,"comment_status":"closed","ping_status":"closed","template":"","meta":{"site-sidebar-layout":"default","site-content-layout":"","ast-site-content-layout":"default","site-content-style":"default","site-sidebar-style":"default","ast-global-header-display":"","ast-banner-title-visibility":"","ast-main-header-display":"","ast-hfb-above-header-display":"","ast-hfb-below-header-display":"","ast-hfb-mobile-header-display":"","site-post-title":"","ast-breadcrumbs-content":"","ast-featured-img":"","footer-sml-layout":"","theme-transparent-header-meta":"default","adv-header-id-meta":"","stick-header-meta":"","header-above-stick-meta":"","header-main-stick-meta":"","header-below-stick-meta":"","astra-migrate-meta-layouts":"set","ast-page-background-enabled":"default","ast-page-background-meta":{"desktop":{"background-color":"var(--ast-global-color-4)","background-image":"","background-repeat":"repeat","background-position":"center center","background-size":"auto","background-attachment":"scroll","background-type":"","background-media":"","overlay-type":"","overlay-color":"","overlay-opacity":"","overlay-gradient":""},"tablet":{"background-color":"","background-image":"","background-repeat":"repeat","background-position":"center center","background-size":"auto","background-attachment":"scroll","background-type":"","background-media":"","overlay-type":"","overlay-color":"","overlay-opacity":"","overlay-gradient":""},"mobile":{"background-color":"","background-image":"","background-repeat":"repeat","background-position":"center center","background-size":"auto","background-attachment":"scroll","background-type":"","background-media":"","overlay-type":"","overlay-color":"","overlay-opacity":"","overlay-gradient":""}},"ast-content-background-meta":{"desktop":{"background-color":"var(--ast-global-color-5)","background-image":"","background-repeat":"repeat","background-position":"center center","background-size":"auto","background-attachment":"scroll","background-type":"","background-media":"","overlay-type":"","overlay-color":"","overlay-opacity":"","overlay-gradient":""},"tablet":{"background-color":"var(--ast-global-color-5)","background-image":"","background-repeat":"repeat","background-position":"center center","background-size":"auto","background-attachment":"scroll","background-type":"","background-media":"","overlay-type":"","overlay-color":"","overlay-opacity":"","overlay-gradient":""},"mobile":{"background-color":"var(--ast-global-color-5)","background-image":"","background-repeat":"repeat","background-position":"center center","background-size":"auto","background-attachment":"scroll","background-type":"","background-media":"","overlay-type":"","overlay-color":"","overlay-opacity":"","overlay-gradient":""}}},"product_brand":[],"product_cat":[28],"product_tag":[49,50,41],"class_list":{"0":"post-3887","1":"product","2":"type-product","3":"status-publish","4":"has-post-thumbnail","6":"product_cat-schreibmoebel","7":"product_tag-biedermeier","8":"product_tag-nussbaum","9":"product_tag-sekretaer","10":"desktop-align-left","11":"tablet-align-left","12":"mobile-align-left","14":"first","15":"instock","16":"shipping-taxable","17":"product-type-simple"},"jetpack_sharing_enabled":true,"_links":{"self":[{"href":"https:\/\/moebelhexe.de\/aktuelles\/wp-json\/wp\/v2\/product\/3887","targetHints":{"allow":["GET"]}}],"collection":[{"href":"https:\/\/moebelhexe.de\/aktuelles\/wp-json\/wp\/v2\/product"}],"about":[{"href":"https:\/\/moebelhexe.de\/aktuelles\/wp-json\/wp\/v2\/types\/product"}],"replies":[{"embeddable":true,"href":"https:\/\/moebelhexe.de\/aktuelles\/wp-json\/wp\/v2\/comments?post=3887"}],"wp:featuredmedia":[{"embeddable":true,"href":"https:\/\/moebelhexe.de\/aktuelles\/wp-json\/wp\/v2\/media\/3874"}],"wp:attachment":[{"href":"https:\/\/moebelhexe.de\/aktuelles\/wp-json\/wp\/v2\/media?parent=3887"}],"wp:term":[{"taxonomy":"product_brand","embeddable":true,"href":"https:\/\/moebelhexe.de\/aktuelles\/wp-json\/wp\/v2\/product_brand?post=3887"},{"taxonomy":"product_cat","embeddable":true,"href":"https:\/\/moebelhexe.de\/aktuelles\/wp-json\/wp\/v2\/product_cat?post=3887"},{"taxonomy":"product_tag","embeddable":true,"href":"https:\/\/moebelhexe.de\/aktuelles\/wp-json\/wp\/v2\/product_tag?post=3887"}],"curies":[{"name":"wp","href":"https:\/\/api.w.org\/{rel}","templated":true}]}}