{"id":2142,"date":"2023-09-09T11:04:51","date_gmt":"2023-09-09T11:04:51","guid":{"rendered":"http:\/\/moebel.tmendel.com\/?post_type=product&#038;p=2142"},"modified":"2024-05-15T14:28:52","modified_gmt":"2024-05-15T14:28:52","slug":"regal-nuss-gruenderzeit","status":"publish","type":"product","link":"https:\/\/moebelhexe.de\/aktuelles\/produkt\/regal-nuss-gruenderzeit","title":{"rendered":"Regal Nu\u00df Gr\u00fcnderzeit"},"content":{"rendered":"<div><strong>&#8211; mit Sch\u00fcben und T\u00fcr, Messingapplikationen<\/strong><\/div>\n<div><strong>\u00a0<\/strong><\/div>\n<div><strong>-massiv NBu\u00dfbaum<\/strong><\/div>\n<div><strong>\u00a0<\/strong><\/div>\n<div><strong>&#8211; noch unrestauriert, wird nach Wunsch restauriert<\/strong><\/div>\n<div><strong>\u00a0<\/strong><\/div>\n<div><strong>Ma\u00dfe: 136 cm hoch, 70 cm breit, 40 cm tief<\/strong><\/div>\n<p>&nbsp;<\/p>\n","protected":false},"excerpt":{"rendered":"<p>&#8211; mit Sch\u00fcben und T\u00fcr, Messingapplikationen \u00a0 -massiv NBu\u00dfbaum \u00a0 &#8211; noch unrestauriert, wird nach Wunsch restauriert \u00a0 Ma\u00dfe: 136 cm hoch, 70 cm breit, 40 cm tief &nbsp;<\/p>\n","protected":false},"featured_media":2146,"comment_status":"closed","ping_status":"closed","template":"","meta":{"site-sidebar-layout":"default","site-content-layout":"","ast-site-content-layout":"default","site-content-style":"default","site-sidebar-style":"default","ast-global-header-display":"","ast-banner-title-visibility":"","ast-main-header-display":"","ast-hfb-above-header-display":"","ast-hfb-below-header-display":"","ast-hfb-mobile-header-display":"","site-post-title":"","ast-breadcrumbs-content":"","ast-featured-img":"","footer-sml-layout":"","theme-transparent-header-meta":"default","adv-header-id-meta":"","stick-header-meta":"","header-above-stick-meta":"","header-main-stick-meta":"","header-below-stick-meta":"","astra-migrate-meta-layouts":"set","ast-page-background-enabled":"default","ast-page-background-meta":{"desktop":{"background-color":"var(--ast-global-color-4)","background-image":"","background-repeat":"repeat","background-position":"center center","background-size":"auto","background-attachment":"scroll","background-type":"","background-media":"","overlay-type":"","overlay-color":"","overlay-opacity":"","overlay-gradient":""},"tablet":{"background-color":"","background-image":"","background-repeat":"repeat","background-position":"center center","background-size":"auto","background-attachment":"scroll","background-type":"","background-media":"","overlay-type":"","overlay-color":"","overlay-opacity":"","overlay-gradient":""},"mobile":{"background-color":"","background-image":"","background-repeat":"repeat","background-position":"center center","background-size":"auto","background-attachment":"scroll","background-type":"","background-media":"","overlay-type":"","overlay-color":"","overlay-opacity":"","overlay-gradient":""}},"ast-content-background-meta":{"desktop":{"background-color":"var(--ast-global-color-5)","background-image":"","background-repeat":"repeat","background-position":"center center","background-size":"auto","background-attachment":"scroll","background-type":"","background-media":"","overlay-type":"","overlay-color":"","overlay-opacity":"","overlay-gradient":""},"tablet":{"background-color":"var(--ast-global-color-5)","background-image":"","background-repeat":"repeat","background-position":"center center","background-size":"auto","background-attachment":"scroll","background-type":"","background-media":"","overlay-type":"","overlay-color":"","overlay-opacity":"","overlay-gradient":""},"mobile":{"background-color":"var(--ast-global-color-5)","background-image":"","background-repeat":"repeat","background-position":"center center","background-size":"auto","background-attachment":"scroll","background-type":"","background-media":"","overlay-type":"","overlay-color":"","overlay-opacity":"","overlay-gradient":""}}},"product_brand":[],"product_cat":[34,37],"product_tag":[],"class_list":{"0":"post-2142","1":"product","2":"type-product","3":"status-publish","4":"has-post-thumbnail","6":"product_cat-kleinmoebel","7":"product_cat-regale","8":"desktop-align-left","9":"tablet-align-left","10":"mobile-align-left","12":"first","13":"instock","14":"shipping-taxable","15":"product-type-simple"},"jetpack_sharing_enabled":true,"_links":{"self":[{"href":"https:\/\/moebelhexe.de\/aktuelles\/wp-json\/wp\/v2\/product\/2142","targetHints":{"allow":["GET"]}}],"collection":[{"href":"https:\/\/moebelhexe.de\/aktuelles\/wp-json\/wp\/v2\/product"}],"about":[{"href":"https:\/\/moebelhexe.de\/aktuelles\/wp-json\/wp\/v2\/types\/product"}],"replies":[{"embeddable":true,"href":"https:\/\/moebelhexe.de\/aktuelles\/wp-json\/wp\/v2\/comments?post=2142"}],"wp:featuredmedia":[{"embeddable":true,"href":"https:\/\/moebelhexe.de\/aktuelles\/wp-json\/wp\/v2\/media\/2146"}],"wp:attachment":[{"href":"https:\/\/moebelhexe.de\/aktuelles\/wp-json\/wp\/v2\/media?parent=2142"}],"wp:term":[{"taxonomy":"product_brand","embeddable":true,"href":"https:\/\/moebelhexe.de\/aktuelles\/wp-json\/wp\/v2\/product_brand?post=2142"},{"taxonomy":"product_cat","embeddable":true,"href":"https:\/\/moebelhexe.de\/aktuelles\/wp-json\/wp\/v2\/product_cat?post=2142"},{"taxonomy":"product_tag","embeddable":true,"href":"https:\/\/moebelhexe.de\/aktuelles\/wp-json\/wp\/v2\/product_tag?post=2142"}],"curies":[{"name":"wp","href":"https:\/\/api.w.org\/{rel}","templated":true}]}}