{"id":1580,"date":"2023-09-06T12:48:55","date_gmt":"2023-09-06T12:48:55","guid":{"rendered":"http:\/\/moebel.tmendel.com\/?post_type=product&#038;p=1580"},"modified":"2023-09-06T12:48:55","modified_gmt":"2023-09-06T12:48:55","slug":"nussbaumschrank-louis-philippe-mit-originalem-spiegel","status":"publish","type":"product","link":"https:\/\/moebelhexe.de\/aktuelles\/produkt\/nussbaumschrank-louis-philippe-mit-originalem-spiegel","title":{"rendered":"Nu\u00dfbaumschrank Louis Philippe mit originalem Spiegel"},"content":{"rendered":"<p><strong>&#8211; Schrank aus der Zeit Louis Philippe, besonders sch\u00f6ne Ausf\u00fchrung<\/strong><\/p>\n<p><strong>&#8211; Nu\u00dfbaumwurzel furniert auf Eiche, mit einer Schublade<\/strong><\/p>\n<p><strong>&#8211; innen feste Zahnleisteneinteilung<\/strong><\/p>\n<p><strong>-z.Zt.unrestauriert<\/strong><\/p>\n<p><strong>Ma\u00dfe: 214cm hoch Mitte Bogen, 55 cm tief bis Aussenkante Profil, 119 cm<\/strong><\/p>\n<p><strong>breit bis Au\u00dfenkante Profil<\/strong><\/p>\n","protected":false},"excerpt":{"rendered":"<p>&#8211; Schrank aus der Zeit Louis Philippe, besonders sch\u00f6ne Ausf\u00fchrung &#8211; Nu\u00dfbaumwurzel furniert auf Eiche, mit einer Schublade &#8211; innen feste Zahnleisteneinteilung -z.Zt.unrestauriert Ma\u00dfe: 214cm hoch Mitte Bogen, 55 cm tief bis Aussenkante Profil, 119 cm breit bis Au\u00dfenkante Profil<\/p>\n","protected":false},"featured_media":1581,"comment_status":"open","ping_status":"closed","template":"","meta":{"site-sidebar-layout":"default","site-content-layout":"","ast-site-content-layout":"default","site-content-style":"default","site-sidebar-style":"default","ast-global-header-display":"","ast-banner-title-visibility":"","ast-main-header-display":"","ast-hfb-above-header-display":"","ast-hfb-below-header-display":"","ast-hfb-mobile-header-display":"","site-post-title":"","ast-breadcrumbs-content":"","ast-featured-img":"","footer-sml-layout":"","theme-transparent-header-meta":"default","adv-header-id-meta":"","stick-header-meta":"","header-above-stick-meta":"","header-main-stick-meta":"","header-below-stick-meta":"","astra-migrate-meta-layouts":"set","ast-page-background-enabled":"default","ast-page-background-meta":{"desktop":{"background-color":"var(--ast-global-color-4)","background-image":"","background-repeat":"repeat","background-position":"center center","background-size":"auto","background-attachment":"scroll","background-type":"","background-media":"","overlay-type":"","overlay-color":"","overlay-opacity":"","overlay-gradient":""},"tablet":{"background-color":"","background-image":"","background-repeat":"repeat","background-position":"center center","background-size":"auto","background-attachment":"scroll","background-type":"","background-media":"","overlay-type":"","overlay-color":"","overlay-opacity":"","overlay-gradient":""},"mobile":{"background-color":"","background-image":"","background-repeat":"repeat","background-position":"center center","background-size":"auto","background-attachment":"scroll","background-type":"","background-media":"","overlay-type":"","overlay-color":"","overlay-opacity":"","overlay-gradient":""}},"ast-content-background-meta":{"desktop":{"background-color":"var(--ast-global-color-5)","background-image":"","background-repeat":"repeat","background-position":"center center","background-size":"auto","background-attachment":"scroll","background-type":"","background-media":"","overlay-type":"","overlay-color":"","overlay-opacity":"","overlay-gradient":""},"tablet":{"background-color":"var(--ast-global-color-5)","background-image":"","background-repeat":"repeat","background-position":"center center","background-size":"auto","background-attachment":"scroll","background-type":"","background-media":"","overlay-type":"","overlay-color":"","overlay-opacity":"","overlay-gradient":""},"mobile":{"background-color":"var(--ast-global-color-5)","background-image":"","background-repeat":"repeat","background-position":"center center","background-size":"auto","background-attachment":"scroll","background-type":"","background-media":"","overlay-type":"","overlay-color":"","overlay-opacity":"","overlay-gradient":""}}},"product_brand":[],"product_cat":[30],"product_tag":[],"class_list":{"0":"post-1580","1":"product","2":"type-product","3":"status-publish","4":"has-post-thumbnail","6":"product_cat-schraenke","7":"desktop-align-left","8":"tablet-align-left","9":"mobile-align-left","11":"first","12":"instock","13":"shipping-taxable","14":"product-type-simple"},"jetpack_sharing_enabled":true,"_links":{"self":[{"href":"https:\/\/moebelhexe.de\/aktuelles\/wp-json\/wp\/v2\/product\/1580","targetHints":{"allow":["GET"]}}],"collection":[{"href":"https:\/\/moebelhexe.de\/aktuelles\/wp-json\/wp\/v2\/product"}],"about":[{"href":"https:\/\/moebelhexe.de\/aktuelles\/wp-json\/wp\/v2\/types\/product"}],"replies":[{"embeddable":true,"href":"https:\/\/moebelhexe.de\/aktuelles\/wp-json\/wp\/v2\/comments?post=1580"}],"wp:featuredmedia":[{"embeddable":true,"href":"https:\/\/moebelhexe.de\/aktuelles\/wp-json\/wp\/v2\/media\/1581"}],"wp:attachment":[{"href":"https:\/\/moebelhexe.de\/aktuelles\/wp-json\/wp\/v2\/media?parent=1580"}],"wp:term":[{"taxonomy":"product_brand","embeddable":true,"href":"https:\/\/moebelhexe.de\/aktuelles\/wp-json\/wp\/v2\/product_brand?post=1580"},{"taxonomy":"product_cat","embeddable":true,"href":"https:\/\/moebelhexe.de\/aktuelles\/wp-json\/wp\/v2\/product_cat?post=1580"},{"taxonomy":"product_tag","embeddable":true,"href":"https:\/\/moebelhexe.de\/aktuelles\/wp-json\/wp\/v2\/product_tag?post=1580"}],"curies":[{"name":"wp","href":"https:\/\/api.w.org\/{rel}","templated":true}]}}