{"id":1367,"date":"2023-08-31T11:28:20","date_gmt":"2023-08-31T11:28:20","guid":{"rendered":"http:\/\/moebel.tmendel.com\/?post_type=product&#038;p=1367"},"modified":"2023-08-31T11:28:20","modified_gmt":"2023-08-31T11:28:20","slug":"kirschkommode-fruehes-biedermeier","status":"publish","type":"product","link":"https:\/\/moebelhexe.de\/aktuelles\/produkt\/kirschkommode-fruehes-biedermeier","title":{"rendered":"Kirschkommode fr\u00fches Biedermeier"},"content":{"rendered":"<p><strong>&#8211;\u00a03 sch\u00fcbige Kommode mit Starkfurnier belegt<\/strong><\/p>\n<p><strong>-z.Zt. unrestauriert<\/strong><\/p>\n<p><strong>geplant:<\/strong><\/p>\n<p><strong>&#8211; Rauten aus Ebenholz um Schl\u00fcssell\u00f6cher<\/strong><\/p>\n<p><strong>&#8211; F\u00fc\u00dfe konisch aus altem Kirschholz geplant<\/strong><\/p>\n<p><strong>&#8211; sollte in Schellack poliert werden<\/strong><\/p>\n","protected":false},"excerpt":{"rendered":"<p>&#8211;\u00a03 sch\u00fcbige Kommode mit Starkfurnier belegt -z.Zt. unrestauriert geplant: &#8211; Rauten aus Ebenholz um Schl\u00fcssell\u00f6cher &#8211; F\u00fc\u00dfe konisch aus altem Kirschholz geplant &#8211; sollte in Schellack poliert werden<\/p>\n","protected":false},"featured_media":1369,"comment_status":"open","ping_status":"closed","template":"","meta":{"site-sidebar-layout":"default","site-content-layout":"","ast-site-content-layout":"default","site-content-style":"default","site-sidebar-style":"default","ast-global-header-display":"","ast-banner-title-visibility":"","ast-main-header-display":"","ast-hfb-above-header-display":"","ast-hfb-below-header-display":"","ast-hfb-mobile-header-display":"","site-post-title":"","ast-breadcrumbs-content":"","ast-featured-img":"","footer-sml-layout":"","theme-transparent-header-meta":"default","adv-header-id-meta":"","stick-header-meta":"","header-above-stick-meta":"","header-main-stick-meta":"","header-below-stick-meta":"","astra-migrate-meta-layouts":"set","ast-page-background-enabled":"default","ast-page-background-meta":{"desktop":{"background-color":"var(--ast-global-color-4)","background-image":"","background-repeat":"repeat","background-position":"center center","background-size":"auto","background-attachment":"scroll","background-type":"","background-media":"","overlay-type":"","overlay-color":"","overlay-opacity":"","overlay-gradient":""},"tablet":{"background-color":"","background-image":"","background-repeat":"repeat","background-position":"center center","background-size":"auto","background-attachment":"scroll","background-type":"","background-media":"","overlay-type":"","overlay-color":"","overlay-opacity":"","overlay-gradient":""},"mobile":{"background-color":"","background-image":"","background-repeat":"repeat","background-position":"center center","background-size":"auto","background-attachment":"scroll","background-type":"","background-media":"","overlay-type":"","overlay-color":"","overlay-opacity":"","overlay-gradient":""}},"ast-content-background-meta":{"desktop":{"background-color":"var(--ast-global-color-5)","background-image":"","background-repeat":"repeat","background-position":"center center","background-size":"auto","background-attachment":"scroll","background-type":"","background-media":"","overlay-type":"","overlay-color":"","overlay-opacity":"","overlay-gradient":""},"tablet":{"background-color":"var(--ast-global-color-5)","background-image":"","background-repeat":"repeat","background-position":"center center","background-size":"auto","background-attachment":"scroll","background-type":"","background-media":"","overlay-type":"","overlay-color":"","overlay-opacity":"","overlay-gradient":""},"mobile":{"background-color":"var(--ast-global-color-5)","background-image":"","background-repeat":"repeat","background-position":"center center","background-size":"auto","background-attachment":"scroll","background-type":"","background-media":"","overlay-type":"","overlay-color":"","overlay-opacity":"","overlay-gradient":""}}},"product_brand":[],"product_cat":[29],"product_tag":[],"class_list":{"0":"post-1367","1":"product","2":"type-product","3":"status-publish","4":"has-post-thumbnail","6":"product_cat-kommoden","7":"desktop-align-left","8":"tablet-align-left","9":"mobile-align-left","11":"first","12":"instock","13":"shipping-taxable","14":"product-type-simple"},"jetpack_sharing_enabled":true,"_links":{"self":[{"href":"https:\/\/moebelhexe.de\/aktuelles\/wp-json\/wp\/v2\/product\/1367","targetHints":{"allow":["GET"]}}],"collection":[{"href":"https:\/\/moebelhexe.de\/aktuelles\/wp-json\/wp\/v2\/product"}],"about":[{"href":"https:\/\/moebelhexe.de\/aktuelles\/wp-json\/wp\/v2\/types\/product"}],"replies":[{"embeddable":true,"href":"https:\/\/moebelhexe.de\/aktuelles\/wp-json\/wp\/v2\/comments?post=1367"}],"wp:featuredmedia":[{"embeddable":true,"href":"https:\/\/moebelhexe.de\/aktuelles\/wp-json\/wp\/v2\/media\/1369"}],"wp:attachment":[{"href":"https:\/\/moebelhexe.de\/aktuelles\/wp-json\/wp\/v2\/media?parent=1367"}],"wp:term":[{"taxonomy":"product_brand","embeddable":true,"href":"https:\/\/moebelhexe.de\/aktuelles\/wp-json\/wp\/v2\/product_brand?post=1367"},{"taxonomy":"product_cat","embeddable":true,"href":"https:\/\/moebelhexe.de\/aktuelles\/wp-json\/wp\/v2\/product_cat?post=1367"},{"taxonomy":"product_tag","embeddable":true,"href":"https:\/\/moebelhexe.de\/aktuelles\/wp-json\/wp\/v2\/product_tag?post=1367"}],"curies":[{"name":"wp","href":"https:\/\/api.w.org\/{rel}","templated":true}]}}