{"id":329,"date":"2020-02-15T17:55:48","date_gmt":"2020-02-15T17:55:48","guid":{"rendered":"http:\/\/mohex.wks-international.de\/?page_id=329"},"modified":"2026-03-17T19:43:55","modified_gmt":"2026-03-17T19:43:55","slug":"die-moebelhexe","status":"publish","type":"page","link":"https:\/\/moebelhexe.de\/aktuelles\/home\/die-moebelhexe","title":{"rendered":"DIE M\u00d6BELHEXE"},"content":{"rendered":"\t\t<div data-elementor-type=\"wp-page\" data-elementor-id=\"329\" class=\"elementor elementor-329\">\n\t\t\t\t\t\t<section class=\"elementor-section elementor-top-section elementor-element elementor-element-372b41a3 elementor-section-content-middle elementor-section-stretched elementor-section-boxed elementor-section-height-default elementor-section-height-default\" data-id=\"372b41a3\" data-element_type=\"section\" data-e-type=\"section\" data-settings=\"{&quot;background_background&quot;:&quot;classic&quot;,&quot;stretch_section&quot;:&quot;section-stretched&quot;}\">\n\t\t\t\t\t\t<div class=\"elementor-container elementor-column-gap-no\">\n\t\t\t\t\t<div class=\"elementor-column elementor-col-100 elementor-top-column elementor-element elementor-element-7ab7f2ed\" data-id=\"7ab7f2ed\" data-element_type=\"column\" data-e-type=\"column\">\n\t\t\t<div class=\"elementor-widget-wrap elementor-element-populated\">\n\t\t\t\t\t\t<div class=\"elementor-element elementor-element-4236193 elementor-widget elementor-widget-heading\" data-id=\"4236193\" data-element_type=\"widget\" data-e-type=\"widget\" data-widget_type=\"heading.default\">\n\t\t\t\t<div class=\"elementor-widget-container\">\n\t\t\t\t\t<h4 class=\"elementor-heading-title elementor-size-default\">Das Team<\/h4>\t\t\t\t<\/div>\n\t\t\t\t<\/div>\n\t\t\t\t<div class=\"elementor-element elementor-element-23c29b4e elementor-widget elementor-widget-text-editor\" data-id=\"23c29b4e\" data-element_type=\"widget\" data-e-type=\"widget\" data-widget_type=\"text-editor.default\">\n\t\t\t\t<div class=\"elementor-widget-container\">\n\t\t\t\t\t\t\t\t\t<p>welches den M\u00f6beln ihren Zauber verleiht<\/p>\t\t\t\t\t\t\t\t<\/div>\n\t\t\t\t<\/div>\n\t\t\t\t<section class=\"elementor-section elementor-inner-section elementor-element elementor-element-6ccb70a elementor-section-boxed elementor-section-height-default elementor-section-height-default\" data-id=\"6ccb70a\" data-element_type=\"section\" data-e-type=\"section\">\n\t\t\t\t\t\t<div class=\"elementor-container elementor-column-gap-default\">\n\t\t\t\t\t<div class=\"elementor-column elementor-col-100 elementor-inner-column elementor-element elementor-element-c2e20fe\" data-id=\"c2e20fe\" data-element_type=\"column\" data-e-type=\"column\">\n\t\t\t<div class=\"elementor-widget-wrap elementor-element-populated\">\n\t\t\t\t\t\t<div class=\"elementor-element elementor-element-ba03022 elementor-position-left elementor-vertical-align-middle elementor-widget elementor-widget-image-box\" data-id=\"ba03022\" data-element_type=\"widget\" data-e-type=\"widget\" data-widget_type=\"image-box.default\">\n\t\t\t\t<div class=\"elementor-widget-container\">\n\t\t\t\t\t<div class=\"elementor-image-box-wrapper\"><figure class=\"elementor-image-box-img\"><img fetchpriority=\"high\" decoding=\"async\" width=\"875\" height=\"1600\" src=\"https:\/\/moebelhexe.de\/wp-content\/uploads\/2026\/03\/IMG-20260316-WA0005.jpg\" class=\"attachment-full size-full wp-image-3773\" alt=\"\" srcset=\"https:\/\/moebelhexe.de\/wp-content\/uploads\/2026\/03\/IMG-20260316-WA0005.jpg 875w, https:\/\/moebelhexe.de\/wp-content\/uploads\/2026\/03\/IMG-20260316-WA0005-164x300.jpg 164w, https:\/\/moebelhexe.de\/wp-content\/uploads\/2026\/03\/IMG-20260316-WA0005-560x1024.jpg 560w, https:\/\/moebelhexe.de\/wp-content\/uploads\/2026\/03\/IMG-20260316-WA0005-768x1404.jpg 768w, https:\/\/moebelhexe.de\/wp-content\/uploads\/2026\/03\/IMG-20260316-WA0005-840x1536.jpg 840w, https:\/\/moebelhexe.de\/wp-content\/uploads\/2026\/03\/IMG-20260316-WA0005-600x1097.jpg 600w\" sizes=\"(max-width: 875px) 100vw, 875px\" \/><\/figure><div class=\"elementor-image-box-content\"><h3 class=\"elementor-image-box-title\">Die M\u00f6belhexe<\/h3><p class=\"elementor-image-box-description\">Annette Kopp<\/p><\/div><\/div>\t\t\t\t<\/div>\n\t\t\t\t<\/div>\n\t\t\t\t<div class=\"elementor-element elementor-element-33e3649 elementor-widget elementor-widget-text-editor\" data-id=\"33e3649\" data-element_type=\"widget\" data-e-type=\"widget\" data-widget_type=\"text-editor.default\">\n\t\t\t\t<div class=\"elementor-widget-container\">\n\t\t\t\t\t\t\t\t\t<p>Nach einer Tischlerlehre mit Gesellenabschlu\u00df 1989 habe ich in einer freien Restaurierungswerkstatt die Grundbegriffe des Restaurierens erlernt, mit Schwerpunkt auf alt herk\u00f6mmliche Oberfl\u00e4chentechnik wie Einf\u00fcgen von schadhaften Intarsien und Schellackpolitur. Parallel dazu besuchte ich die Meisterschule zum Tischlerhandwerk. Weiteres Arbeiten in verschiedenen Restaurierungswerkst\u00e4tten und Gesch\u00e4ften brachte mich dann Mitte 1996 zur Selbst\u00e4ndigkeit, um mich hier mit viel Geduld und Ruhe um die Anliegen meiner Kunden k\u00fcmmern zu k\u00f6nnen.<\/p><p>Seit dem 1. Juli 2018 finden Sie mich mit meinem Gesch\u00e4ft in Hartenfels mit einem sch\u00f6nen Ausstellungsbereich, in welchem ich verschiedene restaurierte antike M\u00f6bel anbieten kann. Ebenso warten unrestaurierte M\u00f6bel auf Ihre Kunden.<\/p>\t\t\t\t\t\t\t\t<\/div>\n\t\t\t\t<\/div>\n\t\t\t\t<div class=\"elementor-element elementor-element-1451a13 e-grid-align-right e-grid-align-mobile-center elementor-shape-rounded elementor-grid-0 elementor-widget elementor-widget-social-icons\" data-id=\"1451a13\" data-element_type=\"widget\" data-e-type=\"widget\" data-widget_type=\"social-icons.default\">\n\t\t\t\t<div class=\"elementor-widget-container\">\n\t\t\t\t\t\t\t<div class=\"elementor-social-icons-wrapper elementor-grid\">\n\t\t\t\t\t\t\t<span class=\"elementor-grid-item\">\n\t\t\t\t\t<a class=\"elementor-icon elementor-social-icon elementor-social-icon-facebook-f elementor-animation-grow elementor-repeater-item-8b93740\" href=\"https:\/\/www.facebook.com\/moebelhexe\" target=\"_blank\">\n\t\t\t\t\t\t<span class=\"elementor-screen-only\">Facebook-f<\/span>\n\t\t\t\t\t\t<i aria-hidden=\"true\" class=\"fab fa-facebook-f\"><\/i>\t\t\t\t\t<\/a>\n\t\t\t\t<\/span>\n\t\t\t\t\t<\/div>\n\t\t\t\t\t\t<\/div>\n\t\t\t\t<\/div>\n\t\t\t\t\t<\/div>\n\t\t<\/div>\n\t\t\t\t\t<\/div>\n\t\t<\/section>\n\t\t\t\t<section class=\"elementor-section elementor-inner-section elementor-element elementor-element-0c3fa1a elementor-section-boxed elementor-section-height-default elementor-section-height-default\" data-id=\"0c3fa1a\" data-element_type=\"section\" data-e-type=\"section\">\n\t\t\t\t\t\t<div class=\"elementor-container elementor-column-gap-default\">\n\t\t\t\t\t<div class=\"elementor-column elementor-col-100 elementor-inner-column elementor-element elementor-element-788b706\" data-id=\"788b706\" data-element_type=\"column\" data-e-type=\"column\">\n\t\t\t<div class=\"elementor-widget-wrap elementor-element-populated\">\n\t\t\t\t\t\t<div class=\"elementor-element elementor-element-43286680 elementor-position-left elementor-vertical-align-middle elementor-widget elementor-widget-image-box\" data-id=\"43286680\" data-element_type=\"widget\" data-e-type=\"widget\" data-widget_type=\"image-box.default\">\n\t\t\t\t<div class=\"elementor-widget-container\">\n\t\t\t\t\t<div class=\"elementor-image-box-wrapper\"><figure class=\"elementor-image-box-img\"><img decoding=\"async\" width=\"400\" height=\"400\" src=\"https:\/\/moebelhexe.de\/wp-content\/uploads\/2023\/08\/Profilbilder-Moebelhexe-Webseite.png\" class=\"attachment-full size-full wp-image-739\" alt=\"\" srcset=\"https:\/\/moebelhexe.de\/wp-content\/uploads\/2023\/08\/Profilbilder-Moebelhexe-Webseite.png 400w, https:\/\/moebelhexe.de\/wp-content\/uploads\/2023\/08\/Profilbilder-Moebelhexe-Webseite-300x300.png 300w, https:\/\/moebelhexe.de\/wp-content\/uploads\/2023\/08\/Profilbilder-Moebelhexe-Webseite-100x100.png 100w, https:\/\/moebelhexe.de\/wp-content\/uploads\/2023\/08\/Profilbilder-Moebelhexe-Webseite-150x150.png 150w\" sizes=\"(max-width: 400px) 100vw, 400px\" \/><\/figure><div class=\"elementor-image-box-content\"><h3 class=\"elementor-image-box-title\">Quintus Maximus<\/h3><p class=\"elementor-image-box-description\">Sicherheitsbeauftragter<\/p><\/div><\/div>\t\t\t\t<\/div>\n\t\t\t\t<\/div>\n\t\t\t\t<div class=\"elementor-element elementor-element-a9be4c0 elementor-widget elementor-widget-text-editor\" data-id=\"a9be4c0\" data-element_type=\"widget\" data-e-type=\"widget\" data-widget_type=\"text-editor.default\">\n\t\t\t\t<div class=\"elementor-widget-container\">\n\t\t\t\t\t\t\t\t\t<p>Ich bewache die M\u00f6bel, dazu auch Kunden, die ohne ein M\u00f6bel gekauft zu haben wieder aus dem Gesch\u00e4ft m\u00f6chten und freue mich \u00fcber jede freundliche Zuwendung.<\/p>\t\t\t\t\t\t\t\t<\/div>\n\t\t\t\t<\/div>\n\t\t\t\t<div class=\"elementor-element elementor-element-3426229 e-grid-align-right e-grid-align-mobile-center elementor-shape-rounded elementor-grid-0 elementor-widget elementor-widget-social-icons\" data-id=\"3426229\" data-element_type=\"widget\" data-e-type=\"widget\" data-widget_type=\"social-icons.default\">\n\t\t\t\t<div class=\"elementor-widget-container\">\n\t\t\t\t\t\t\t<div class=\"elementor-social-icons-wrapper elementor-grid\">\n\t\t\t\t\t\t\t<span class=\"elementor-grid-item\">\n\t\t\t\t\t<a class=\"elementor-icon elementor-social-icon elementor-social-icon-dog elementor-animation-grow elementor-repeater-item-8b93740\" href=\"https:\/\/www.pedigree.de\/hundefutter\/leckerlis-fur-hunde\/pedigree-leckerbissen-tasty-minis-mit-rind-und-geflugel-geschmack-155g\" target=\"_blank\">\n\t\t\t\t\t\t<span class=\"elementor-screen-only\">Dog<\/span>\n\t\t\t\t\t\t<i aria-hidden=\"true\" class=\"fas fa-dog\"><\/i>\t\t\t\t\t<\/a>\n\t\t\t\t<\/span>\n\t\t\t\t\t<\/div>\n\t\t\t\t\t\t<\/div>\n\t\t\t\t<\/div>\n\t\t\t\t\t<\/div>\n\t\t<\/div>\n\t\t\t\t\t<\/div>\n\t\t<\/section>\n\t\t\t\t\t<\/div>\n\t\t<\/div>\n\t\t\t\t\t<\/div>\n\t\t<\/section>\n\t\t\t\t<section class=\"elementor-section elementor-top-section elementor-element elementor-element-51647f56 elementor-section-boxed elementor-section-height-default elementor-section-height-default\" data-id=\"51647f56\" data-element_type=\"section\" data-e-type=\"section\">\n\t\t\t\t\t\t<div class=\"elementor-container elementor-column-gap-default\">\n\t\t\t\t\t<div class=\"elementor-column elementor-col-100 elementor-top-column elementor-element elementor-element-240b6896\" data-id=\"240b6896\" data-element_type=\"column\" data-e-type=\"column\">\n\t\t\t<div class=\"elementor-widget-wrap elementor-element-populated\">\n\t\t\t\t\t\t<div class=\"elementor-element elementor-element-4d640ff7 elementor-widget elementor-widget-spacer\" data-id=\"4d640ff7\" data-element_type=\"widget\" data-e-type=\"widget\" data-widget_type=\"spacer.default\">\n\t\t\t\t<div class=\"elementor-widget-container\">\n\t\t\t\t\t\t\t<div class=\"elementor-spacer\">\n\t\t\t<div class=\"elementor-spacer-inner\"><\/div>\n\t\t<\/div>\n\t\t\t\t\t\t<\/div>\n\t\t\t\t<\/div>\n\t\t\t\t<div class=\"elementor-element elementor-element-1c96b9ea elementor-widget__width-initial elementor-absolute elementor-widget elementor-widget-heading\" data-id=\"1c96b9ea\" data-element_type=\"widget\" data-e-type=\"widget\" data-settings=\"{&quot;_position&quot;:&quot;absolute&quot;}\" data-widget_type=\"heading.default\">\n\t\t\t\t<div class=\"elementor-widget-container\">\n\t\t\t\t\t<h2 class=\"elementor-heading-title elementor-size-default\">carousel<\/h2>\t\t\t\t<\/div>\n\t\t\t\t<\/div>\n\t\t\t\t<div class=\"elementor-element elementor-element-5d386ce7 elementor-widget elementor-widget-heading\" data-id=\"5d386ce7\" data-element_type=\"widget\" data-e-type=\"widget\" data-widget_type=\"heading.default\">\n\t\t\t\t<div class=\"elementor-widget-container\">\n\t\t\t\t\t<h2 class=\"elementor-heading-title elementor-size-default\">Geschichte<\/h2>\t\t\t\t<\/div>\n\t\t\t\t<\/div>\n\t\t\t\t<div class=\"elementor-element elementor-element-736afe4d elementor-widget elementor-widget-text-editor\" data-id=\"736afe4d\" data-element_type=\"widget\" data-e-type=\"widget\" data-widget_type=\"text-editor.default\">\n\t\t\t\t<div class=\"elementor-widget-container\">\n\t\t\t\t\t\t\t\t\t<p><img decoding=\"async\" class=\"alignnone size-medium wp-image-3776\" src=\"https:\/\/moebelhexe.de\/wp-content\/uploads\/2026\/03\/Front-schraeg-300x187.jpg\" alt=\"\" width=\"300\" height=\"187\" srcset=\"https:\/\/moebelhexe.de\/wp-content\/uploads\/2026\/03\/Front-schraeg-300x187.jpg 300w, https:\/\/moebelhexe.de\/wp-content\/uploads\/2026\/03\/Front-schraeg.jpg 500w\" sizes=\"(max-width: 300px) 100vw, 300px\" \/><\/p><p>Mein Unternehmen die Die M\u00f6bel-Hexe besteht mittlerweile seit 30 Jahren.<\/p><p>\u00a0<\/p><p>Gegr\u00fcndet in einem kleinen Haus wurden die Platzanforderungen zunehmend mehr, sodass ich mit einem kurzen Zwischenstopp in einer Tischlerwerkstatt in Kausen sp\u00e4ter dann in Dierdorf f\u00fcr 15 Jahre t\u00e4tig war.<\/p><p>Seit 2018 bin ich in Hartenfels anzutreffen, wir haben dort ein passendes Geb\u00e4ude in Wohnhausn\u00e4he gebaut, welches meinen Anspr\u00fcchen \u00fcber die Zeit besser gerecht wurde.<\/p><p><img loading=\"lazy\" decoding=\"async\" class=\"alignnone size-medium wp-image-3777\" src=\"https:\/\/moebelhexe.de\/wp-content\/uploads\/2026\/03\/neue-Moebel-Hexe-Perspektive-300x212.jpg\" alt=\"\" width=\"300\" height=\"212\" srcset=\"https:\/\/moebelhexe.de\/wp-content\/uploads\/2026\/03\/neue-Moebel-Hexe-Perspektive-300x212.jpg 300w, https:\/\/moebelhexe.de\/wp-content\/uploads\/2026\/03\/neue-Moebel-Hexe-Perspektive-600x424.jpg 600w, https:\/\/moebelhexe.de\/wp-content\/uploads\/2026\/03\/neue-Moebel-Hexe-Perspektive.jpg 640w\" sizes=\"(max-width: 300px) 100vw, 300px\" \/><\/p><p>Zu unserem Gl\u00fcck haben wir eine antike Scheune in unmittelbarer N\u00e4he erwerben k\u00f6nnen und in den letzten Jahren hergerichtet, um auch dort die unrestaurierten M\u00f6bel besser pr\u00e4sentieren zu k\u00f6nnen.<\/p>\t\t\t\t\t\t\t\t<\/div>\n\t\t\t\t<\/div>\n\t\t\t\t\t<\/div>\n\t\t<\/div>\n\t\t\t\t\t<\/div>\n\t\t<\/section>\n\t\t\t\t<section class=\"elementor-section elementor-top-section elementor-element elementor-element-3528241 elementor-section-boxed elementor-section-height-default elementor-section-height-default\" data-id=\"3528241\" data-element_type=\"section\" data-e-type=\"section\">\n\t\t\t\t\t\t<div class=\"elementor-container elementor-column-gap-default\">\n\t\t\t\t\t<div class=\"elementor-column elementor-col-100 elementor-top-column elementor-element elementor-element-1dcf8d9\" data-id=\"1dcf8d9\" data-element_type=\"column\" data-e-type=\"column\">\n\t\t\t<div class=\"elementor-widget-wrap elementor-element-populated\">\n\t\t\t\t\t\t\t<\/div>\n\t\t<\/div>\n\t\t\t\t\t<\/div>\n\t\t<\/section>\n\t\t\t\t<\/div>\n\t\t","protected":false},"excerpt":{"rendered":"<p>Das Team welches den M\u00f6beln ihren Zauber verleiht Die M\u00f6belhexe Annette Kopp Nach einer Tischlerlehre mit Gesellenabschlu\u00df 1989 habe ich in einer freien Restaurierungswerkstatt die Grundbegriffe des Restaurierens erlernt, mit Schwerpunkt auf alt herk\u00f6mmliche Oberfl\u00e4chentechnik wie Einf\u00fcgen von schadhaften Intarsien und Schellackpolitur. Parallel dazu besuchte ich die Meisterschule zum Tischlerhandwerk. Weiteres Arbeiten in verschiedenen Restaurierungswerkst\u00e4tten [&hellip;]<\/p>\n","protected":false},"author":4,"featured_media":0,"parent":77,"menu_order":0,"comment_status":"closed","ping_status":"closed","template":"","meta":{"site-sidebar-layout":"default","site-content-layout":"","ast-site-content-layout":"","site-content-style":"default","site-sidebar-style":"default","ast-global-header-display":"","ast-banner-title-visibility":"","ast-main-header-display":"","ast-hfb-above-header-display":"","ast-hfb-below-header-display":"","ast-hfb-mobile-header-display":"","site-post-title":"","ast-breadcrumbs-content":"","ast-featured-img":"","footer-sml-layout":"","theme-transparent-header-meta":"","adv-header-id-meta":"","stick-header-meta":"","header-above-stick-meta":"","header-main-stick-meta":"","header-below-stick-meta":"","astra-migrate-meta-layouts":"default","ast-page-background-enabled":"default","ast-page-background-meta":{"desktop":{"background-color":"var(--ast-global-color-4)","background-image":"","background-repeat":"repeat","background-position":"center center","background-size":"auto","background-attachment":"scroll","background-type":"","background-media":"","overlay-type":"","overlay-color":"","overlay-opacity":"","overlay-gradient":""},"tablet":{"background-color":"","background-image":"","background-repeat":"repeat","background-position":"center center","background-size":"auto","background-attachment":"scroll","background-type":"","background-media":"","overlay-type":"","overlay-color":"","overlay-opacity":"","overlay-gradient":""},"mobile":{"background-color":"","background-image":"","background-repeat":"repeat","background-position":"center center","background-size":"auto","background-attachment":"scroll","background-type":"","background-media":"","overlay-type":"","overlay-color":"","overlay-opacity":"","overlay-gradient":""}},"ast-content-background-meta":{"desktop":{"background-color":"var(--ast-global-color-5)","background-image":"","background-repeat":"repeat","background-position":"center center","background-size":"auto","background-attachment":"scroll","background-type":"","background-media":"","overlay-type":"","overlay-color":"","overlay-opacity":"","overlay-gradient":""},"tablet":{"background-color":"var(--ast-global-color-5)","background-image":"","background-repeat":"repeat","background-position":"center center","background-size":"auto","background-attachment":"scroll","background-type":"","background-media":"","overlay-type":"","overlay-color":"","overlay-opacity":"","overlay-gradient":""},"mobile":{"background-color":"var(--ast-global-color-5)","background-image":"","background-repeat":"repeat","background-position":"center center","background-size":"auto","background-attachment":"scroll","background-type":"","background-media":"","overlay-type":"","overlay-color":"","overlay-opacity":"","overlay-gradient":""}},"footnotes":""},"class_list":["post-329","page","type-page","status-publish","hentry"],"jetpack_sharing_enabled":true,"_links":{"self":[{"href":"https:\/\/moebelhexe.de\/aktuelles\/wp-json\/wp\/v2\/pages\/329","targetHints":{"allow":["GET"]}}],"collection":[{"href":"https:\/\/moebelhexe.de\/aktuelles\/wp-json\/wp\/v2\/pages"}],"about":[{"href":"https:\/\/moebelhexe.de\/aktuelles\/wp-json\/wp\/v2\/types\/page"}],"author":[{"embeddable":true,"href":"https:\/\/moebelhexe.de\/aktuelles\/wp-json\/wp\/v2\/users\/4"}],"replies":[{"embeddable":true,"href":"https:\/\/moebelhexe.de\/aktuelles\/wp-json\/wp\/v2\/comments?post=329"}],"version-history":[{"count":162,"href":"https:\/\/moebelhexe.de\/aktuelles\/wp-json\/wp\/v2\/pages\/329\/revisions"}],"predecessor-version":[{"id":3780,"href":"https:\/\/moebelhexe.de\/aktuelles\/wp-json\/wp\/v2\/pages\/329\/revisions\/3780"}],"up":[{"embeddable":true,"href":"https:\/\/moebelhexe.de\/aktuelles\/wp-json\/wp\/v2\/pages\/77"}],"wp:attachment":[{"href":"https:\/\/moebelhexe.de\/aktuelles\/wp-json\/wp\/v2\/media?parent=329"}],"curies":[{"name":"wp","href":"https:\/\/api.w.org\/{rel}","templated":true}]}}