{"id":152,"date":"2020-01-29T09:09:00","date_gmt":"2020-01-29T09:09:00","guid":{"rendered":"http:\/\/mohex.wks-international.de\/?page_id=152"},"modified":"2024-02-17T12:24:23","modified_gmt":"2024-02-17T12:24:23","slug":"datenschutz","status":"publish","type":"page","link":"https:\/\/moebelhexe.de\/aktuelles\/home\/datenschutz","title":{"rendered":"Datenschutz"},"content":{"rendered":"\t\t<div data-elementor-type=\"wp-page\" data-elementor-id=\"152\" class=\"elementor elementor-152\">\n\t\t\t\t\t\t<section class=\"elementor-section elementor-top-section elementor-element elementor-element-d8d0ac9 elementor-section-stretched elementor-section-boxed elementor-section-height-default elementor-section-height-default\" data-id=\"d8d0ac9\" data-element_type=\"section\" data-e-type=\"section\" data-settings=\"{&quot;stretch_section&quot;:&quot;section-stretched&quot;,&quot;background_background&quot;:&quot;classic&quot;}\">\n\t\t\t\t\t\t<div class=\"elementor-container elementor-column-gap-default\">\n\t\t\t\t\t<div class=\"elementor-column elementor-col-100 elementor-top-column elementor-element elementor-element-ee29023\" data-id=\"ee29023\" data-element_type=\"column\" data-e-type=\"column\">\n\t\t\t<div class=\"elementor-widget-wrap elementor-element-populated\">\n\t\t\t\t\t\t<div class=\"elementor-element elementor-element-2d10b23 elementor-widget elementor-widget-text-editor\" data-id=\"2d10b23\" data-element_type=\"widget\" data-e-type=\"widget\" data-widget_type=\"text-editor.default\">\n\t\t\t\t<div class=\"elementor-widget-container\">\n\t\t\t\t\t\t\t\t\t<p><span style=\"font-family: arial, helvetica, sans-serif; color: #ff9900;\"><strong>Informationspflichten nach Artikel 13 und 14 DSGVO<\/strong><\/span><\/p><p><span style=\"font-family: arial, helvetica, sans-serif; color: #ff9900;\">Nach Artikel 13 und 14 EU-DSGVO hat der Verantwortliche einer betroffenen Person, deren Daten er verarbeitet, die in den Artikeln genannten Informationen bereit zu stellen. Dieser Informationspflicht kommt dieses Merkblatt nach.<\/span><\/p><p><span style=\"font-family: arial, helvetica, sans-serif; color: #ff9900;\"><strong>1. Namen und Kontaktdaten des Verantwortlichen sowie gegebenenfalls seiner Vertreter:<\/strong><\/span><\/p><p><span style=\"font-family: arial, helvetica, sans-serif; color: #ff9900;\"><em>Die M\u00f6belhexe, gesetzlich vertreten durch, Frau Annette Kopp, 56244 Hartenfels;<\/em><\/span><\/p><p><span style=\"font-family: arial, helvetica, sans-serif; color: #ff9900;\"><strong>2. Kontaktdaten des Datenschutzbeauftragten\/der Datenschutzbeauftragten:<\/strong><\/span><\/p><p><span style=\"font-family: arial, helvetica, sans-serif; color: #ff9900;\"><em>Die M\u00f6belhexe hat keinen gesonderten Datenschutzbeauftragten.<\/em><\/span><\/p><p><span style=\"font-family: arial, helvetica, sans-serif; color: #ff9900;\"><em>\u00a0<\/em><\/span><\/p><p><span style=\"font-family: arial, helvetica, sans-serif; color: #ff9900;\"><strong>3. Zwecke, f\u00fcr die personenbezogenen Daten verarbeitet werden:<\/strong><\/span><\/p><p><span style=\"font-family: arial, helvetica, sans-serif; color: #ff9900;\"><em>Die personenbezogenen Daten werden f\u00fcr die Durchf\u00fchrung des Unternehmenszwecks verarbeitet.<\/em><\/span><\/p><p><span style=\"font-family: arial, helvetica, sans-serif; color: #ff9900;\"><em>\u00a0<\/em><\/span><\/p><p><span style=\"font-family: arial, helvetica, sans-serif; color: #ff9900;\"><strong>4. Rechtsgrundlagen, auf Grund derer die Verarbeitung erfolgt:<\/strong><\/span><\/p><p><span style=\"font-family: arial, helvetica, sans-serif; color: #ff9900;\"><em>Die Verarbeitung der personenbezogenen Daten erfolgt in der Regel aufgrund der Erforderlichkeit zur Erf\u00fcllung eines Vertrages gem\u00e4\u00df Artikel 6 Abs. 1 lit. b) DSGVO. Bei den Vertragsverh\u00e4ltnissen handelt es sich in erster Linie um Kunden und Lieferanten.<\/em><\/span><\/p><p><span style=\"font-family: arial, helvetica, sans-serif; color: #ff9900;\"><em>\u00a0<\/em><\/span><\/p><p><span style=\"font-family: arial, helvetica, sans-serif; color: #ff9900;\"><em>Werden personenbezogene Daten erhoben, ohne dass die Verarbeitung zur Erf\u00fcllung des Vertrages erforderlich ist, erfolgt die Verarbeitung aufgrund einer Einwilligung nach Artikel 6 Abs. 1 lit. a) i.V.m. Artikel 7 DSGVO.<\/em><\/span><\/p><p><span style=\"font-family: arial, helvetica, sans-serif; color: #ff9900;\"><em>\u00a0<\/em><\/span><\/p><p><span style=\"font-family: arial, helvetica, sans-serif; color: #ff9900;\"><em>Die Ver\u00f6ffentlichung personenbezogener Daten im Internet oder in lokalen, regionalen oder \u00fcberregionalen Printmedien erfolgt zur Wahrung berechtigter Interessen des Unternehmens (vgl. Artikel 6 Abs. 1 lit. f) DSGVO). Das berechtigte Interesse des Unternehmens besteht in der Information der \u00d6ffentlichkeit durch Berichtserstattung \u00fcber die Arbeiten des Unternehmens.<\/em><\/span><\/p><p><span style=\"font-family: arial, helvetica, sans-serif; color: #ff9900;\"><strong>5. Die Empf\u00e4nger oder Kategorien von Empf\u00e4ngern der personenbezogenen Daten:<\/strong><\/span><\/p><p><span style=\"font-family: arial, helvetica, sans-serif; color: #ff9900;\"><em>\u00a0<\/em><\/span><\/p><p><span style=\"font-family: arial, helvetica, sans-serif; color: #ff9900;\"><em>Die Daten der Bankverbindung der Kunden und Lieferanten werden zum Zwecke des Begleichend von Forderungen an die entsprechende Bank weitergeleitet.<\/em><\/span><\/p><p><span style=\"font-family: arial, helvetica, sans-serif; color: #ff9900;\"><strong>6. Die Dauer, f\u00fcr die die personenbezogenen Daten gespeichert werden oder, falls dies nicht m\u00f6glich ist, die Kriterien f\u00fcr die Festlegung der Dauer:<\/strong><\/span><\/p><p><span style=\"font-family: arial, helvetica, sans-serif; color: #ff9900;\"><em>\u00a0<\/em><\/span><\/p><p><span style=\"font-family: arial, helvetica, sans-serif; color: #ff9900;\"><em>Die personenbezogenen Daten werden f\u00fcr die Dauer der Zusammenarbeit gespeichert.<\/em><\/span><\/p><p><span style=\"font-family: arial, helvetica, sans-serif; color: #ff9900;\"><em>Mit Beendigung der Zusammenarbeit werden die Datenkategorien gem\u00e4\u00df den gesetzlichen Aufbewahrungsfristen weitere zehn Jahre vorgehalten und dann gel\u00f6scht. In der Zeit zwischen Beendigung der Zusammenarbeit und der L\u00f6schung wird die Verarbeitung dieser Daten eingeschr\u00e4nkt.<\/em><\/span><\/p><p><span style=\"font-family: arial, helvetica, sans-serif; color: #ff9900;\"><em>\u00a0<\/em><\/span><\/p><p><span style=\"font-family: arial, helvetica, sans-serif; color: #ff9900;\"><em>Alle Daten der \u00fcbrigen Kategorien (z.B. Bankdaten, Anschrift, Kontaktdaten) werden mit Beendigung der Zusammenarbeit \u00a0gel\u00f6scht.<\/em><\/span><\/p><p><span style=\"font-family: arial, helvetica, sans-serif; color: #ff9900;\"><strong>7. Der betroffenen Person stehen unter den in den Artikeln jeweils genannten Voraussetzungen die nachfolgenden Rechte zu:<\/strong><\/span><\/p><p><span style=\"font-family: arial, helvetica, sans-serif; color: #ff9900;\"><em>&#8211; das Recht auf Auskunft nach Artikel 15 DSGVO,<\/em><\/span><\/p><p><span style=\"font-family: arial, helvetica, sans-serif; color: #ff9900;\"><em>&#8211; das Recht auf Berichtigung nach Artikel 16 DSGVO,<\/em><\/span><\/p><p><span style=\"font-family: arial, helvetica, sans-serif; color: #ff9900;\"><em>&#8211; das Recht auf L\u00f6schung nach Artikel 17 DSGVO,<\/em><\/span><\/p><p><span style=\"font-family: arial, helvetica, sans-serif; color: #ff9900;\"><em>&#8211; das Recht auf Einschr\u00e4nkung der Verarbeitung nach Artikel 18 DSGVO,<\/em><\/span><\/p><p><span style=\"font-family: arial, helvetica, sans-serif; color: #ff9900;\"><em>&#8211; das Recht auf Daten\u00fcbertragbarkeit nach Artikel 20 DSGVO,<\/em><\/span><\/p><p><span style=\"font-family: arial, helvetica, sans-serif; color: #ff9900;\"><em>&#8211; das Widerspruchsrecht nach Artikel 21 DSGVO,<\/em><\/span><\/p><p><span style=\"font-family: arial, helvetica, sans-serif; color: #ff9900;\"><em>&#8211; das Recht auf Beschwerde bei einer Aufsichtsbeh\u00f6rde nach Artikel 77 DSGVO<\/em><\/span><\/p><p><span style=\"font-family: arial, helvetica, sans-serif; color: #ff9900;\"><em>&#8211; das Recht, eine erteilte Einwilligung jederzeit widerrufen zu k\u00f6nnen, ohne dass die Rechtm\u00e4\u00dfigkeit der aufgrund der Einwilligung bis zum Widerruf erfolgten Verarbeitung hierdurch ber\u00fchrt wird<\/em>.<\/span><\/p><p><span style=\"font-family: arial, helvetica, sans-serif; color: #ff9900;\"><strong>8. Die Quelle, aus der die personenbezogenen Daten stammen:<\/strong><\/span><\/p><p><span style=\"font-family: arial, helvetica, sans-serif; color: #ff9900;\"><em>Die personenbezogenen Daten werden grunds\u00e4tzlich im Rahmen des Beginns der Zusammenarbeit erhoben.<\/em><\/span><\/p><p><span style=\"font-family: arial, helvetica, sans-serif; color: #ff9900;\">Ende der Informationspflicht<\/span><\/p><p><span style=\"font-family: arial, helvetica, sans-serif; color: #ff9900;\">Stand: Mai 2018<\/span><\/p>\t\t\t\t\t\t\t\t<\/div>\n\t\t\t\t<\/div>\n\t\t\t\t\t<\/div>\n\t\t<\/div>\n\t\t\t\t\t<\/div>\n\t\t<\/section>\n\t\t\t\t<section class=\"elementor-section elementor-top-section elementor-element elementor-element-a97515c elementor-section-boxed elementor-section-height-default elementor-section-height-default\" data-id=\"a97515c\" data-element_type=\"section\" data-e-type=\"section\">\n\t\t\t\t\t\t<div class=\"elementor-container elementor-column-gap-default\">\n\t\t\t\t\t<div class=\"elementor-column elementor-col-100 elementor-top-column elementor-element elementor-element-3dc5b5f\" data-id=\"3dc5b5f\" data-element_type=\"column\" data-e-type=\"column\">\n\t\t\t<div class=\"elementor-widget-wrap elementor-element-populated\">\n\t\t\t\t\t\t<div class=\"elementor-element elementor-element-ce9792b elementor-widget elementor-widget-spacer\" data-id=\"ce9792b\" data-element_type=\"widget\" data-e-type=\"widget\" data-widget_type=\"spacer.default\">\n\t\t\t\t<div class=\"elementor-widget-container\">\n\t\t\t\t\t\t\t<div class=\"elementor-spacer\">\n\t\t\t<div class=\"elementor-spacer-inner\"><\/div>\n\t\t<\/div>\n\t\t\t\t\t\t<\/div>\n\t\t\t\t<\/div>\n\t\t\t\t\t<\/div>\n\t\t<\/div>\n\t\t\t\t\t<\/div>\n\t\t<\/section>\n\t\t\t\t<\/div>\n\t\t","protected":false},"excerpt":{"rendered":"<p>Informationspflichten nach Artikel 13 und 14 DSGVO Nach Artikel 13 und 14 EU-DSGVO hat der Verantwortliche einer betroffenen Person, deren Daten er verarbeitet, die in den Artikeln genannten Informationen bereit zu stellen. Dieser Informationspflicht kommt dieses Merkblatt nach. 1. Namen und Kontaktdaten des Verantwortlichen sowie gegebenenfalls seiner Vertreter: Die M\u00f6belhexe, gesetzlich vertreten durch, Frau Annette [&hellip;]<\/p>\n","protected":false},"author":4,"featured_media":0,"parent":77,"menu_order":2,"comment_status":"closed","ping_status":"closed","template":"elementor_header_footer","meta":{"site-sidebar-layout":"default","site-content-layout":"","ast-site-content-layout":"","site-content-style":"default","site-sidebar-style":"default","ast-global-header-display":"","ast-banner-title-visibility":"","ast-main-header-display":"","ast-hfb-above-header-display":"","ast-hfb-below-header-display":"","ast-hfb-mobile-header-display":"","site-post-title":"","ast-breadcrumbs-content":"","ast-featured-img":"","footer-sml-layout":"","theme-transparent-header-meta":"","adv-header-id-meta":"","stick-header-meta":"","header-above-stick-meta":"","header-main-stick-meta":"","header-below-stick-meta":"","astra-migrate-meta-layouts":"default","ast-page-background-enabled":"default","ast-page-background-meta":{"desktop":{"background-color":"var(--ast-global-color-4)","background-image":"","background-repeat":"repeat","background-position":"center center","background-size":"auto","background-attachment":"scroll","background-type":"","background-media":"","overlay-type":"","overlay-color":"","overlay-opacity":"","overlay-gradient":""},"tablet":{"background-color":"","background-image":"","background-repeat":"repeat","background-position":"center center","background-size":"auto","background-attachment":"scroll","background-type":"","background-media":"","overlay-type":"","overlay-color":"","overlay-opacity":"","overlay-gradient":""},"mobile":{"background-color":"","background-image":"","background-repeat":"repeat","background-position":"center center","background-size":"auto","background-attachment":"scroll","background-type":"","background-media":"","overlay-type":"","overlay-color":"","overlay-opacity":"","overlay-gradient":""}},"ast-content-background-meta":{"desktop":{"background-color":"var(--ast-global-color-5)","background-image":"","background-repeat":"repeat","background-position":"center center","background-size":"auto","background-attachment":"scroll","background-type":"","background-media":"","overlay-type":"","overlay-color":"","overlay-opacity":"","overlay-gradient":""},"tablet":{"background-color":"var(--ast-global-color-5)","background-image":"","background-repeat":"repeat","background-position":"center center","background-size":"auto","background-attachment":"scroll","background-type":"","background-media":"","overlay-type":"","overlay-color":"","overlay-opacity":"","overlay-gradient":""},"mobile":{"background-color":"var(--ast-global-color-5)","background-image":"","background-repeat":"repeat","background-position":"center center","background-size":"auto","background-attachment":"scroll","background-type":"","background-media":"","overlay-type":"","overlay-color":"","overlay-opacity":"","overlay-gradient":""}},"footnotes":""},"class_list":["post-152","page","type-page","status-publish","hentry"],"jetpack_sharing_enabled":true,"_links":{"self":[{"href":"https:\/\/moebelhexe.de\/aktuelles\/wp-json\/wp\/v2\/pages\/152","targetHints":{"allow":["GET"]}}],"collection":[{"href":"https:\/\/moebelhexe.de\/aktuelles\/wp-json\/wp\/v2\/pages"}],"about":[{"href":"https:\/\/moebelhexe.de\/aktuelles\/wp-json\/wp\/v2\/types\/page"}],"author":[{"embeddable":true,"href":"https:\/\/moebelhexe.de\/aktuelles\/wp-json\/wp\/v2\/users\/4"}],"replies":[{"embeddable":true,"href":"https:\/\/moebelhexe.de\/aktuelles\/wp-json\/wp\/v2\/comments?post=152"}],"version-history":[{"count":12,"href":"https:\/\/moebelhexe.de\/aktuelles\/wp-json\/wp\/v2\/pages\/152\/revisions"}],"predecessor-version":[{"id":2744,"href":"https:\/\/moebelhexe.de\/aktuelles\/wp-json\/wp\/v2\/pages\/152\/revisions\/2744"}],"up":[{"embeddable":true,"href":"https:\/\/moebelhexe.de\/aktuelles\/wp-json\/wp\/v2\/pages\/77"}],"wp:attachment":[{"href":"https:\/\/moebelhexe.de\/aktuelles\/wp-json\/wp\/v2\/media?parent=152"}],"curies":[{"name":"wp","href":"https:\/\/api.w.org\/{rel}","templated":true}]}}