{"id":1096,"date":"2023-08-30T09:17:43","date_gmt":"2023-08-30T09:17:43","guid":{"rendered":"http:\/\/moebel.tmendel.com\/?page_id=1096"},"modified":"2023-09-09T11:31:57","modified_gmt":"2023-09-09T11:31:57","slug":"vertikows","status":"publish","type":"page","link":"https:\/\/moebelhexe.de\/aktuelles\/antiquitaeten\/vertikows","title":{"rendered":"Vertikows"},"content":{"rendered":"\t\t<div data-elementor-type=\"wp-page\" data-elementor-id=\"1096\" class=\"elementor elementor-1096\">\n\t\t\t\t\t\t<section class=\"elementor-section elementor-top-section elementor-element elementor-element-8e160fb elementor-section-boxed elementor-section-height-default elementor-section-height-default\" data-id=\"8e160fb\" data-element_type=\"section\" data-e-type=\"section\">\n\t\t\t\t\t\t<div class=\"elementor-container elementor-column-gap-default\">\n\t\t\t\t\t<div class=\"elementor-column elementor-col-100 elementor-top-column elementor-element elementor-element-853157b\" data-id=\"853157b\" data-element_type=\"column\" data-e-type=\"column\">\n\t\t\t<div class=\"elementor-widget-wrap elementor-element-populated\">\n\t\t\t\t\t\t<div class=\"elementor-element elementor-element-9296c4a elementor-widget elementor-widget-heading\" data-id=\"9296c4a\" data-element_type=\"widget\" data-e-type=\"widget\" data-widget_type=\"heading.default\">\n\t\t\t\t<div class=\"elementor-widget-container\">\n\t\t\t\t\t<h2 class=\"elementor-heading-title elementor-size-default\">Vertikows<\/h2>\t\t\t\t<\/div>\n\t\t\t\t<\/div>\n\t\t\t\t\t<\/div>\n\t\t<\/div>\n\t\t\t\t\t<\/div>\n\t\t<\/section>\n\t\t\t\t<section class=\"elementor-section elementor-top-section elementor-element elementor-element-55d21b0 elementor-section-boxed elementor-section-height-default elementor-section-height-default\" data-id=\"55d21b0\" data-element_type=\"section\" data-e-type=\"section\">\n\t\t\t\t\t\t<div class=\"elementor-container elementor-column-gap-default\">\n\t\t\t\t\t<div class=\"elementor-column elementor-col-100 elementor-top-column elementor-element elementor-element-e2c3a1a\" data-id=\"e2c3a1a\" data-element_type=\"column\" data-e-type=\"column\">\n\t\t\t<div class=\"elementor-widget-wrap elementor-element-populated\">\n\t\t\t\t\t\t<div class=\"elementor-element elementor-element-be9ae6c premium-woo-product-align-center premium-qv-hidden-yes elementor-widget elementor-widget-premium-woo-products\" data-id=\"be9ae6c\" data-element_type=\"widget\" data-e-type=\"widget\" data-widget_type=\"premium-woo-products.grid-1\">\n\t\t\t\t<div class=\"elementor-widget-container\">\n\t\t\t\t\t<div class=\"premium-woocommerce premium-woo-products-grid premium-woo-skin-grid-1 premium-woo-query-custom\" data-page-id=\"1096\" data-skin=\"grid_1\" data-quick-view=\"yes\"><div class=\"premium-woo-products-inner premium-woo-product__hover-swap\"><ul class=\"products columns-3\">\n\n<li class=\" post-3022 product first instock shipping-taxable product-type-simple\">\n\t<div class=\"premium-woo-product-wrapper premium-con-lq__none\">\n\t\t<div class=\"premium-woo-product-thumbnail\"><a href=\"https:\/\/moebelhexe.de\/aktuelles\/produkt\/vertiko-weichholz-gruenderzeit\" class=\"woocommerce-LoopProduct-link woocommerce-loop-product__link\"><img decoding=\"async\" src=\"https:\/\/moebelhexe.de\/wp-content\/uploads\/2024\/03\/Front-1-300x300.jpg\" alt=\"\"><img fetchpriority=\"high\" decoding=\"async\" width=\"300\" height=\"300\" src=\"https:\/\/moebelhexe.de\/wp-content\/uploads\/2024\/03\/geoeffnet-300x300.jpg\" class=\"premium-woo-product__on_hover\" alt=\"\" \/><\/a><div class=\"premium-woo-qv-btn premium-woo-qv-btn-translate\" data-product-id=\"3022\">Schnellansicht<i class=\"premium-woo-qv-icon fa fa-eye\" aria-hidden=\"true\"><\/i><\/div><\/div><div class=\"premium-woo-products-details-wrap\"><a href=\"https:\/\/moebelhexe.de\/aktuelles\/produkt\/vertiko-weichholz-gruenderzeit\" class=\"premium-woo-product__link\"><h2 class=\"woocommerce-loop-product__title\">Vertiko Weichholz Gr\u00fcnderzeit<\/h2><\/a><\/div>\t<\/div>\n<\/li>\n\n<li class=\" post-2166 product  instock shipping-taxable product-type-simple\">\n\t<div class=\"premium-woo-product-wrapper premium-con-lq__none\">\n\t\t<div class=\"premium-woo-product-thumbnail\"><a href=\"https:\/\/moebelhexe.de\/aktuelles\/produkt\/vertiko-tanne-mit-saeulen\" class=\"woocommerce-LoopProduct-link woocommerce-loop-product__link\"><img decoding=\"async\" src=\"https:\/\/moebelhexe.de\/wp-content\/uploads\/2023\/09\/20190110_143450-300x300.jpg\" alt=\"\"><img decoding=\"async\" width=\"300\" height=\"300\" src=\"https:\/\/moebelhexe.de\/wp-content\/uploads\/2023\/09\/20190110_143450-300x300.jpg\" class=\"premium-woo-product__on_hover\" alt=\"\" \/><\/a><div class=\"premium-woo-qv-btn premium-woo-qv-btn-translate\" data-product-id=\"2166\">Schnellansicht<i class=\"premium-woo-qv-icon fa fa-eye\" aria-hidden=\"true\"><\/i><\/div><\/div><div class=\"premium-woo-products-details-wrap\"><a href=\"https:\/\/moebelhexe.de\/aktuelles\/produkt\/vertiko-tanne-mit-saeulen\" class=\"premium-woo-product__link\"><h2 class=\"woocommerce-loop-product__title\">Vertiko Tanne mit S\u00e4ulen<\/h2><\/a><\/div>\t<\/div>\n<\/li>\n\n<li class=\" post-3020 product last instock shipping-taxable product-type-simple\">\n\t<div class=\"premium-woo-product-wrapper premium-con-lq__none\">\n\t\t<div class=\"premium-woo-product-thumbnail\"><a href=\"https:\/\/moebelhexe.de\/aktuelles\/produkt\/eichevitrine-mit-aufsatz-jugendstil\" class=\"woocommerce-LoopProduct-link woocommerce-loop-product__link\"><img decoding=\"async\" src=\"https:\/\/moebelhexe.de\/wp-content\/uploads\/2026\/03\/Front-267x300.jpg\" alt=\"\"><img decoding=\"async\" width=\"138\" height=\"300\" src=\"https:\/\/moebelhexe.de\/wp-content\/uploads\/2026\/03\/Seitenansicht-138x300.jpg\" class=\"premium-woo-product__on_hover\" alt=\"\" \/><\/a><div class=\"premium-woo-qv-btn premium-woo-qv-btn-translate\" data-product-id=\"3020\">Schnellansicht<i class=\"premium-woo-qv-icon fa fa-eye\" aria-hidden=\"true\"><\/i><\/div><\/div><div class=\"premium-woo-products-details-wrap\"><a href=\"https:\/\/moebelhexe.de\/aktuelles\/produkt\/eichevitrine-mit-aufsatz-jugendstil\" class=\"premium-woo-product__link\"><h2 class=\"woocommerce-loop-product__title\">Eichevitrine mit Aufsatz Jugendstil<\/h2><\/a><\/div>\t<\/div>\n<\/li>\n\n<li class=\" post-3909 product first instock shipping-taxable product-type-simple\">\n\t<div class=\"premium-woo-product-wrapper premium-con-lq__none\">\n\t\t<div class=\"premium-woo-product-thumbnail\"><a href=\"https:\/\/moebelhexe.de\/aktuelles\/produkt\/vertikow-mahaghoni-louis-philippe\" class=\"woocommerce-LoopProduct-link woocommerce-loop-product__link\"><img decoding=\"async\" src=\"https:\/\/moebelhexe.de\/wp-content\/uploads\/2026\/03\/Front-10-300x300.jpg\" alt=\"\"><img loading=\"lazy\" decoding=\"async\" width=\"300\" height=\"300\" src=\"https:\/\/moebelhexe.de\/wp-content\/uploads\/2026\/03\/liSeite-1-300x300.jpg\" class=\"premium-woo-product__on_hover\" alt=\"\" \/><\/a><div class=\"premium-woo-qv-btn premium-woo-qv-btn-translate\" data-product-id=\"3909\">Schnellansicht<i class=\"premium-woo-qv-icon fa fa-eye\" aria-hidden=\"true\"><\/i><\/div><\/div><div class=\"premium-woo-products-details-wrap\"><a href=\"https:\/\/moebelhexe.de\/aktuelles\/produkt\/vertikow-mahaghoni-louis-philippe\" class=\"premium-woo-product__link\"><h2 class=\"woocommerce-loop-product__title\">Vertikow Mahaghoni Louis Philippe<\/h2><\/a><\/div>\t<\/div>\n<\/li>\n\n<li class=\" post-2894 product  instock shipping-taxable product-type-simple\">\n\t<div class=\"premium-woo-product-wrapper premium-con-lq__none\">\n\t\t<div class=\"premium-woo-product-thumbnail\"><a href=\"https:\/\/moebelhexe.de\/aktuelles\/produkt\/vertiko-gruenderzeit-intarsiert\" class=\"woocommerce-LoopProduct-link woocommerce-loop-product__link\"><img decoding=\"async\" src=\"https:\/\/moebelhexe.de\/wp-content\/uploads\/2026\/03\/Front-1-300x300.jpg\" alt=\"\"><img loading=\"lazy\" decoding=\"async\" width=\"150\" height=\"150\" src=\"https:\/\/moebelhexe.de\/wp-content\/uploads\/2026\/03\/Seite-150x150-1.jpg\" class=\"premium-woo-product__on_hover\" alt=\"\" \/><\/a><div class=\"premium-woo-qv-btn premium-woo-qv-btn-translate\" data-product-id=\"2894\">Schnellansicht<i class=\"premium-woo-qv-icon fa fa-eye\" aria-hidden=\"true\"><\/i><\/div><\/div><div class=\"premium-woo-products-details-wrap\"><a href=\"https:\/\/moebelhexe.de\/aktuelles\/produkt\/vertiko-gruenderzeit-intarsiert\" class=\"premium-woo-product__link\"><h2 class=\"woocommerce-loop-product__title\">Vertiko Gr\u00fcnderzeit intarsiert<\/h2><\/a><\/div>\t<\/div>\n<\/li>\n\n<li class=\" post-3919 product last instock shipping-taxable product-type-simple\">\n\t<div class=\"premium-woo-product-wrapper premium-con-lq__none\">\n\t\t<div class=\"premium-woo-product-thumbnail\"><a href=\"https:\/\/moebelhexe.de\/aktuelles\/produkt\/aufsatzvertikow-mahaghoni-louis-philippe-mit-spiegeln\" class=\"woocommerce-LoopProduct-link woocommerce-loop-product__link\"><img decoding=\"async\" src=\"https:\/\/moebelhexe.de\/wp-content\/uploads\/2026\/03\/Front-12-300x300.jpg\" alt=\"\"><img loading=\"lazy\" decoding=\"async\" width=\"300\" height=\"300\" src=\"https:\/\/moebelhexe.de\/wp-content\/uploads\/2026\/03\/liSeite-3-300x300.jpg\" class=\"premium-woo-product__on_hover\" alt=\"\" \/><\/a><div class=\"premium-woo-qv-btn premium-woo-qv-btn-translate\" data-product-id=\"3919\">Schnellansicht<i class=\"premium-woo-qv-icon fa fa-eye\" aria-hidden=\"true\"><\/i><\/div><\/div><div class=\"premium-woo-products-details-wrap\"><a href=\"https:\/\/moebelhexe.de\/aktuelles\/produkt\/aufsatzvertikow-mahaghoni-louis-philippe-mit-spiegeln\" class=\"premium-woo-product__link\"><h2 class=\"woocommerce-loop-product__title\">Aufsatzvertikow Mahaghoni Louis Philippe mit Spiegeln<\/h2><\/a><\/div>\t<\/div>\n<\/li>\n<\/ul>\n\t\t\t<div class=\"premium-woo-load-more\">\n\t\t\t\t<button class=\"premium-woo-load-more-btn\" data-products=\"5\" data-order=\"rand\" data-tax=\"\">\n\t\t\t\t\t<span>Mehr laden<\/span>\n\t\t\t\t\t<span class=\"premium-woo-products-num\">(5)<\/span>\n\t\t\t\t<\/button>\n\t\t\t<\/div>\n\t\t<\/div><\/div><div id=\"premium-woo-quick-view-be9ae6c\" class=\"premium-woo-quick-view-be9ae6c\">\n\t<div class=\"premium-woo-quick-view-back\">\n\t\t<div class=\"premium-woo-quick-view-loader\"><\/div>\n\t<\/div>\n\t<div id=\"premium-woo-quick-view-modal\">\n\t\t<div class=\"premium-woo-content-main-wrapper\"><!--\n\t\t--><div class=\"premium-woo-content-main\">\n\t\t\t\t<div class=\"premium-woo-lightbox-content\">\n\n\t\t\t\t\t<a href=\"#\" class=\"premium-woo-quick-view-close fa fa-window-close\"><\/a>\n\n\t\t\t\t\t<div id=\"premium-woo-quick-view-content\" class=\"woocommerce single-product\"><\/div>\n\t\t\t\t<\/div>\n\t\t\t<\/div>\n\t\t<\/div>\n\t<\/div>\n<\/div>\n\t\t\t\t<\/div>\n\t\t\t\t<\/div>\n\t\t\t\t\t<\/div>\n\t\t<\/div>\n\t\t\t\t\t<\/div>\n\t\t<\/section>\n\t\t\t\t<\/div>\n\t\t","protected":false},"excerpt":{"rendered":"<p>Vertikows Quick View Vertiko Mahaghoni Quick View Vertiko schlicht (gedreht) Quick View Vertiko Nu\u00dfbaum Gr\u00fcnderzeit Quick View Vertiko Tanne mit S\u00e4ulen<\/p>\n","protected":false},"author":2,"featured_media":0,"parent":314,"menu_order":6,"comment_status":"closed","ping_status":"closed","template":"","meta":{"site-sidebar-layout":"default","site-content-layout":"","ast-site-content-layout":"","site-content-style":"default","site-sidebar-style":"default","ast-global-header-display":"","ast-banner-title-visibility":"","ast-main-header-display":"","ast-hfb-above-header-display":"","ast-hfb-below-header-display":"","ast-hfb-mobile-header-display":"","site-post-title":"","ast-breadcrumbs-content":"","ast-featured-img":"","footer-sml-layout":"","theme-transparent-header-meta":"","adv-header-id-meta":"","stick-header-meta":"","header-above-stick-meta":"","header-main-stick-meta":"","header-below-stick-meta":"","astra-migrate-meta-layouts":"default","ast-page-background-enabled":"default","ast-page-background-meta":{"desktop":{"background-color":"var(--ast-global-color-4)","background-image":"","background-repeat":"repeat","background-position":"center center","background-size":"auto","background-attachment":"scroll","background-type":"","background-media":"","overlay-type":"","overlay-color":"","overlay-opacity":"","overlay-gradient":""},"tablet":{"background-color":"","background-image":"","background-repeat":"repeat","background-position":"center center","background-size":"auto","background-attachment":"scroll","background-type":"","background-media":"","overlay-type":"","overlay-color":"","overlay-opacity":"","overlay-gradient":""},"mobile":{"background-color":"","background-image":"","background-repeat":"repeat","background-position":"center center","background-size":"auto","background-attachment":"scroll","background-type":"","background-media":"","overlay-type":"","overlay-color":"","overlay-opacity":"","overlay-gradient":""}},"ast-content-background-meta":{"desktop":{"background-color":"var(--ast-global-color-5)","background-image":"","background-repeat":"repeat","background-position":"center center","background-size":"auto","background-attachment":"scroll","background-type":"","background-media":"","overlay-type":"","overlay-color":"","overlay-opacity":"","overlay-gradient":""},"tablet":{"background-color":"var(--ast-global-color-5)","background-image":"","background-repeat":"repeat","background-position":"center center","background-size":"auto","background-attachment":"scroll","background-type":"","background-media":"","overlay-type":"","overlay-color":"","overlay-opacity":"","overlay-gradient":""},"mobile":{"background-color":"var(--ast-global-color-5)","background-image":"","background-repeat":"repeat","background-position":"center center","background-size":"auto","background-attachment":"scroll","background-type":"","background-media":"","overlay-type":"","overlay-color":"","overlay-opacity":"","overlay-gradient":""}},"footnotes":""},"class_list":["post-1096","page","type-page","status-publish","hentry","desktop-align-left","tablet-align-left","mobile-align-left"],"jetpack_sharing_enabled":true,"_links":{"self":[{"href":"https:\/\/moebelhexe.de\/aktuelles\/wp-json\/wp\/v2\/pages\/1096","targetHints":{"allow":["GET"]}}],"collection":[{"href":"https:\/\/moebelhexe.de\/aktuelles\/wp-json\/wp\/v2\/pages"}],"about":[{"href":"https:\/\/moebelhexe.de\/aktuelles\/wp-json\/wp\/v2\/types\/page"}],"author":[{"embeddable":true,"href":"https:\/\/moebelhexe.de\/aktuelles\/wp-json\/wp\/v2\/users\/2"}],"replies":[{"embeddable":true,"href":"https:\/\/moebelhexe.de\/aktuelles\/wp-json\/wp\/v2\/comments?post=1096"}],"version-history":[{"count":10,"href":"https:\/\/moebelhexe.de\/aktuelles\/wp-json\/wp\/v2\/pages\/1096\/revisions"}],"predecessor-version":[{"id":2178,"href":"https:\/\/moebelhexe.de\/aktuelles\/wp-json\/wp\/v2\/pages\/1096\/revisions\/2178"}],"up":[{"embeddable":true,"href":"https:\/\/moebelhexe.de\/aktuelles\/wp-json\/wp\/v2\/pages\/314"}],"wp:attachment":[{"href":"https:\/\/moebelhexe.de\/aktuelles\/wp-json\/wp\/v2\/media?parent=1096"}],"curies":[{"name":"wp","href":"https:\/\/api.w.org\/{rel}","templated":true}]}}