{"id":1088,"date":"2023-08-30T09:13:19","date_gmt":"2023-08-30T09:13:19","guid":{"rendered":"http:\/\/moebel.tmendel.com\/?page_id=1088"},"modified":"2023-09-08T10:18:31","modified_gmt":"2023-09-08T10:18:31","slug":"kleinmoebel","status":"publish","type":"page","link":"https:\/\/moebelhexe.de\/aktuelles\/antiquitaeten\/kleinmoebel","title":{"rendered":"Kleinm\u00f6bel"},"content":{"rendered":"\t\t<div data-elementor-type=\"wp-page\" data-elementor-id=\"1088\" class=\"elementor elementor-1088\">\n\t\t\t\t\t\t<section class=\"elementor-section elementor-top-section elementor-element elementor-element-b4f695d elementor-section-boxed elementor-section-height-default elementor-section-height-default\" data-id=\"b4f695d\" data-element_type=\"section\" data-e-type=\"section\">\n\t\t\t\t\t\t<div class=\"elementor-container elementor-column-gap-default\">\n\t\t\t\t\t<div class=\"elementor-column elementor-col-100 elementor-top-column elementor-element elementor-element-350363d\" data-id=\"350363d\" data-element_type=\"column\" data-e-type=\"column\">\n\t\t\t<div class=\"elementor-widget-wrap elementor-element-populated\">\n\t\t\t\t\t\t<div class=\"elementor-element elementor-element-c260723 elementor-widget elementor-widget-heading\" data-id=\"c260723\" data-element_type=\"widget\" data-e-type=\"widget\" data-widget_type=\"heading.default\">\n\t\t\t\t<div class=\"elementor-widget-container\">\n\t\t\t\t\t<h2 class=\"elementor-heading-title elementor-size-default\">Kleinm\u00f6bel<\/h2>\t\t\t\t<\/div>\n\t\t\t\t<\/div>\n\t\t\t\t\t<\/div>\n\t\t<\/div>\n\t\t\t\t\t<\/div>\n\t\t<\/section>\n\t\t\t\t<section class=\"elementor-section elementor-top-section elementor-element elementor-element-75e8211 elementor-section-boxed elementor-section-height-default elementor-section-height-default\" data-id=\"75e8211\" data-element_type=\"section\" data-e-type=\"section\">\n\t\t\t\t\t\t<div class=\"elementor-container elementor-column-gap-default\">\n\t\t\t\t\t<div class=\"elementor-column elementor-col-100 elementor-top-column elementor-element elementor-element-14581b3\" data-id=\"14581b3\" data-element_type=\"column\" data-e-type=\"column\">\n\t\t\t<div class=\"elementor-widget-wrap elementor-element-populated\">\n\t\t\t\t\t\t<div class=\"elementor-element elementor-element-2a74a44 premium-woo-product-align-center premium-qv-hidden-yes elementor-widget elementor-widget-premium-woo-products\" data-id=\"2a74a44\" data-element_type=\"widget\" data-e-type=\"widget\" data-widget_type=\"premium-woo-products.grid-1\">\n\t\t\t\t<div class=\"elementor-widget-container\">\n\t\t\t\t\t<div class=\"premium-woocommerce premium-woo-products-grid premium-woo-skin-grid-1 premium-woo-query-custom\" data-page-id=\"1088\" data-skin=\"grid_1\" data-quick-view=\"yes\"><div class=\"premium-woo-products-inner premium-woo-product__hover-swap\"><ul class=\"products columns-3\">\n\n<li class=\" post-4134 product first instock shipping-taxable product-type-simple\">\n\t<div class=\"premium-woo-product-wrapper premium-con-lq__none\">\n\t\t<div class=\"premium-woo-product-thumbnail\"><a href=\"https:\/\/moebelhexe.de\/aktuelles\/produkt\/haengeschraenkchen-eiche\" class=\"woocommerce-LoopProduct-link woocommerce-loop-product__link\"><img decoding=\"async\" src=\"https:\/\/moebelhexe.de\/wp-content\/uploads\/2026\/04\/frontal-11-300x300.jpg\" alt=\"\"><img fetchpriority=\"high\" decoding=\"async\" width=\"300\" height=\"300\" src=\"https:\/\/moebelhexe.de\/wp-content\/uploads\/2026\/04\/seitlich-3-300x300.jpg\" class=\"premium-woo-product__on_hover\" alt=\"\" \/><\/a><div class=\"premium-woo-qv-btn premium-woo-qv-btn-translate\" data-product-id=\"4134\">Schnellansicht<i class=\"premium-woo-qv-icon fa fa-eye\" aria-hidden=\"true\"><\/i><\/div><\/div><div class=\"premium-woo-products-details-wrap\"><a href=\"https:\/\/moebelhexe.de\/aktuelles\/produkt\/haengeschraenkchen-eiche\" class=\"premium-woo-product__link\"><h2 class=\"woocommerce-loop-product__title\">H\u00e4ngeschr\u00e4nkchen Eiche<\/h2><\/a><\/div>\t<\/div>\n<\/li>\n\n<li class=\" post-4128 product  instock shipping-taxable product-type-simple\">\n\t<div class=\"premium-woo-product-wrapper premium-con-lq__none\">\n\t\t<div class=\"premium-woo-product-thumbnail\"><a href=\"https:\/\/moebelhexe.de\/aktuelles\/produkt\/schubladenschrank-auf-rollen-intarsiert\" class=\"woocommerce-LoopProduct-link woocommerce-loop-product__link\"><img decoding=\"async\" src=\"https:\/\/moebelhexe.de\/wp-content\/uploads\/2026\/04\/frontal-schraeg-300x300.jpg\" alt=\"\"><img decoding=\"async\" width=\"300\" height=\"300\" src=\"https:\/\/moebelhexe.de\/wp-content\/uploads\/2026\/04\/frontal-geoeffnet-300x300.jpg\" class=\"premium-woo-product__on_hover\" alt=\"\" \/><\/a><div class=\"premium-woo-qv-btn premium-woo-qv-btn-translate\" data-product-id=\"4128\">Schnellansicht<i class=\"premium-woo-qv-icon fa fa-eye\" aria-hidden=\"true\"><\/i><\/div><\/div><div class=\"premium-woo-products-details-wrap\"><a href=\"https:\/\/moebelhexe.de\/aktuelles\/produkt\/schubladenschrank-auf-rollen-intarsiert\" class=\"premium-woo-product__link\"><h2 class=\"woocommerce-loop-product__title\">Schubladenschrank auf Rollen, intarsiert<\/h2><\/a><\/div>\t<\/div>\n<\/li>\n\n<li class=\" post-4121 product last instock shipping-taxable product-type-simple\">\n\t<div class=\"premium-woo-product-wrapper premium-con-lq__none\">\n\t\t<div class=\"premium-woo-product-thumbnail\"><a href=\"https:\/\/moebelhexe.de\/aktuelles\/produkt\/spiegel-biedermeier-birke\" class=\"woocommerce-LoopProduct-link woocommerce-loop-product__link\"><img decoding=\"async\" src=\"https:\/\/moebelhexe.de\/wp-content\/uploads\/2026\/04\/20260323_122558-300x300.jpg\" alt=\"\"><\/a><div class=\"premium-woo-qv-btn premium-woo-qv-btn-translate\" data-product-id=\"4121\">Schnellansicht<i class=\"premium-woo-qv-icon fa fa-eye\" aria-hidden=\"true\"><\/i><\/div><\/div><div class=\"premium-woo-products-details-wrap\"><a href=\"https:\/\/moebelhexe.de\/aktuelles\/produkt\/spiegel-biedermeier-birke\" class=\"premium-woo-product__link\"><h2 class=\"woocommerce-loop-product__title\">Spiegel Biedermeier Birke<\/h2><\/a><\/div>\t<\/div>\n<\/li>\n\n<li class=\" post-4119 product first instock shipping-taxable product-type-simple\">\n\t<div class=\"premium-woo-product-wrapper premium-con-lq__none\">\n\t\t<div class=\"premium-woo-product-thumbnail\"><a href=\"https:\/\/moebelhexe.de\/aktuelles\/produkt\/fussbaenkchen\" class=\"woocommerce-LoopProduct-link woocommerce-loop-product__link\"><img decoding=\"async\" src=\"https:\/\/moebelhexe.de\/wp-content\/uploads\/2026\/04\/Oben-300x300.jpg\" alt=\"\"><\/a><div class=\"premium-woo-qv-btn premium-woo-qv-btn-translate\" data-product-id=\"4119\">Schnellansicht<i class=\"premium-woo-qv-icon fa fa-eye\" aria-hidden=\"true\"><\/i><\/div><\/div><div class=\"premium-woo-products-details-wrap\"><a href=\"https:\/\/moebelhexe.de\/aktuelles\/produkt\/fussbaenkchen\" class=\"premium-woo-product__link\"><h2 class=\"woocommerce-loop-product__title\">Fu\u00dfb\u00e4nkchen<\/h2><\/a><\/div>\t<\/div>\n<\/li>\n\n<li class=\" post-4115 product  instock shipping-taxable product-type-simple\">\n\t<div class=\"premium-woo-product-wrapper premium-con-lq__none\">\n\t\t<div class=\"premium-woo-product-thumbnail\"><a href=\"https:\/\/moebelhexe.de\/aktuelles\/produkt\/vitrinentisch-rund-jugendstil\" class=\"woocommerce-LoopProduct-link woocommerce-loop-product__link\"><img decoding=\"async\" src=\"https:\/\/moebelhexe.de\/wp-content\/uploads\/2026\/04\/frontal-8-300x300.jpg\" alt=\"\"><img decoding=\"async\" width=\"300\" height=\"300\" src=\"https:\/\/moebelhexe.de\/wp-content\/uploads\/2026\/04\/Schachplatte-Messing-300x300.jpg\" class=\"premium-woo-product__on_hover\" alt=\"\" \/><\/a><div class=\"premium-woo-qv-btn premium-woo-qv-btn-translate\" data-product-id=\"4115\">Schnellansicht<i class=\"premium-woo-qv-icon fa fa-eye\" aria-hidden=\"true\"><\/i><\/div><\/div><div class=\"premium-woo-products-details-wrap\"><a href=\"https:\/\/moebelhexe.de\/aktuelles\/produkt\/vitrinentisch-rund-jugendstil\" class=\"premium-woo-product__link\"><h2 class=\"woocommerce-loop-product__title\">Vitrinentisch rund Jugendstil<\/h2><\/a><\/div>\t<\/div>\n<\/li>\n\n<li class=\" post-4099 product last instock shipping-taxable product-type-simple\">\n\t<div class=\"premium-woo-product-wrapper premium-con-lq__none\">\n\t\t<div class=\"premium-woo-product-thumbnail\"><a href=\"https:\/\/moebelhexe.de\/aktuelles\/produkt\/schmaler-bestellschrank-mahagoni-mit-saeulen\" class=\"woocommerce-LoopProduct-link woocommerce-loop-product__link\"><img decoding=\"async\" src=\"https:\/\/moebelhexe.de\/wp-content\/uploads\/2026\/04\/Front-3-300x300.jpg\" alt=\"\"><img loading=\"lazy\" decoding=\"async\" width=\"300\" height=\"300\" src=\"https:\/\/moebelhexe.de\/wp-content\/uploads\/2026\/04\/Front-4-300x300.jpg\" class=\"premium-woo-product__on_hover\" alt=\"\" \/><\/a><div class=\"premium-woo-qv-btn premium-woo-qv-btn-translate\" data-product-id=\"4099\">Schnellansicht<i class=\"premium-woo-qv-icon fa fa-eye\" aria-hidden=\"true\"><\/i><\/div><\/div><div class=\"premium-woo-products-details-wrap\"><a href=\"https:\/\/moebelhexe.de\/aktuelles\/produkt\/schmaler-bestellschrank-mahagoni-mit-saeulen\" class=\"premium-woo-product__link\"><h2 class=\"woocommerce-loop-product__title\">Schmaler Bestellschrank Mahagoni mit S\u00e4ulen<\/h2><\/a><\/div>\t<\/div>\n<\/li>\n<\/ul>\n\t\t\t<div class=\"premium-woo-load-more\">\n\t\t\t\t<button class=\"premium-woo-load-more-btn\" data-products=\"24\" data-order=\"date ID\" data-tax=\"\">\n\t\t\t\t\t<span>Mehr laden<\/span>\n\t\t\t\t\t<span class=\"premium-woo-products-num\">(24)<\/span>\n\t\t\t\t<\/button>\n\t\t\t<\/div>\n\t\t<\/div><\/div><div id=\"premium-woo-quick-view-2a74a44\" class=\"premium-woo-quick-view-2a74a44\">\n\t<div class=\"premium-woo-quick-view-back\">\n\t\t<div class=\"premium-woo-quick-view-loader\"><\/div>\n\t<\/div>\n\t<div id=\"premium-woo-quick-view-modal\">\n\t\t<div class=\"premium-woo-content-main-wrapper\"><!--\n\t\t--><div class=\"premium-woo-content-main\">\n\t\t\t\t<div class=\"premium-woo-lightbox-content\">\n\n\t\t\t\t\t<a href=\"#\" class=\"premium-woo-quick-view-close fa fa-window-close\"><\/a>\n\n\t\t\t\t\t<div id=\"premium-woo-quick-view-content\" class=\"woocommerce single-product\"><\/div>\n\t\t\t\t<\/div>\n\t\t\t<\/div>\n\t\t<\/div>\n\t<\/div>\n<\/div>\n\t\t\t\t<\/div>\n\t\t\t\t<\/div>\n\t\t\t\t\t<\/div>\n\t\t<\/div>\n\t\t\t\t\t<\/div>\n\t\t<\/section>\n\t\t\t\t<\/div>\n\t\t","protected":false},"excerpt":{"rendered":"<p>Kleinm\u00f6bel Quick View N\u00e4htischaufsatz Quick View Aufsatz N\u00e4htisch Quick View Vorratsdosen Quick View Kinderbett Quick View Nachttisch Eiche Art Deco Quick View Nachttisch Mahaghoni Mehr laden (2)<\/p>\n","protected":false},"author":2,"featured_media":0,"parent":314,"menu_order":6,"comment_status":"closed","ping_status":"closed","template":"","meta":{"site-sidebar-layout":"default","site-content-layout":"","ast-site-content-layout":"","site-content-style":"default","site-sidebar-style":"default","ast-global-header-display":"","ast-banner-title-visibility":"","ast-main-header-display":"","ast-hfb-above-header-display":"","ast-hfb-below-header-display":"","ast-hfb-mobile-header-display":"","site-post-title":"","ast-breadcrumbs-content":"","ast-featured-img":"","footer-sml-layout":"","theme-transparent-header-meta":"","adv-header-id-meta":"","stick-header-meta":"","header-above-stick-meta":"","header-main-stick-meta":"","header-below-stick-meta":"","astra-migrate-meta-layouts":"default","ast-page-background-enabled":"default","ast-page-background-meta":{"desktop":{"background-color":"var(--ast-global-color-4)","background-image":"","background-repeat":"repeat","background-position":"center center","background-size":"auto","background-attachment":"scroll","background-type":"","background-media":"","overlay-type":"","overlay-color":"","overlay-opacity":"","overlay-gradient":""},"tablet":{"background-color":"","background-image":"","background-repeat":"repeat","background-position":"center center","background-size":"auto","background-attachment":"scroll","background-type":"","background-media":"","overlay-type":"","overlay-color":"","overlay-opacity":"","overlay-gradient":""},"mobile":{"background-color":"","background-image":"","background-repeat":"repeat","background-position":"center center","background-size":"auto","background-attachment":"scroll","background-type":"","background-media":"","overlay-type":"","overlay-color":"","overlay-opacity":"","overlay-gradient":""}},"ast-content-background-meta":{"desktop":{"background-color":"var(--ast-global-color-5)","background-image":"","background-repeat":"repeat","background-position":"center center","background-size":"auto","background-attachment":"scroll","background-type":"","background-media":"","overlay-type":"","overlay-color":"","overlay-opacity":"","overlay-gradient":""},"tablet":{"background-color":"var(--ast-global-color-5)","background-image":"","background-repeat":"repeat","background-position":"center center","background-size":"auto","background-attachment":"scroll","background-type":"","background-media":"","overlay-type":"","overlay-color":"","overlay-opacity":"","overlay-gradient":""},"mobile":{"background-color":"var(--ast-global-color-5)","background-image":"","background-repeat":"repeat","background-position":"center center","background-size":"auto","background-attachment":"scroll","background-type":"","background-media":"","overlay-type":"","overlay-color":"","overlay-opacity":"","overlay-gradient":""}},"footnotes":""},"class_list":["post-1088","page","type-page","status-publish","hentry","desktop-align-left","tablet-align-left","mobile-align-left"],"jetpack_sharing_enabled":true,"_links":{"self":[{"href":"https:\/\/moebelhexe.de\/aktuelles\/wp-json\/wp\/v2\/pages\/1088","targetHints":{"allow":["GET"]}}],"collection":[{"href":"https:\/\/moebelhexe.de\/aktuelles\/wp-json\/wp\/v2\/pages"}],"about":[{"href":"https:\/\/moebelhexe.de\/aktuelles\/wp-json\/wp\/v2\/types\/page"}],"author":[{"embeddable":true,"href":"https:\/\/moebelhexe.de\/aktuelles\/wp-json\/wp\/v2\/users\/2"}],"replies":[{"embeddable":true,"href":"https:\/\/moebelhexe.de\/aktuelles\/wp-json\/wp\/v2\/comments?post=1088"}],"version-history":[{"count":13,"href":"https:\/\/moebelhexe.de\/aktuelles\/wp-json\/wp\/v2\/pages\/1088\/revisions"}],"predecessor-version":[{"id":2066,"href":"https:\/\/moebelhexe.de\/aktuelles\/wp-json\/wp\/v2\/pages\/1088\/revisions\/2066"}],"up":[{"embeddable":true,"href":"https:\/\/moebelhexe.de\/aktuelles\/wp-json\/wp\/v2\/pages\/314"}],"wp:attachment":[{"href":"https:\/\/moebelhexe.de\/aktuelles\/wp-json\/wp\/v2\/media?parent=1088"}],"curies":[{"name":"wp","href":"https:\/\/api.w.org\/{rel}","templated":true}]}}